{"id":1722,"date":"2018-11-08T14:33:56","date_gmt":"2018-11-08T14:33:56","guid":{"rendered":"https:\/\/www.westernlogistics.com\/emploi\/"},"modified":"2019-01-03T17:55:15","modified_gmt":"2019-01-03T17:55:15","slug":"emploi","status":"publish","type":"page","link":"https:\/\/www.westernlogistics.com\/fr\/emploi\/","title":{"rendered":"Carri\u00e8res"},"content":{"rendered":"<p>[vc_row type= &raquo;in_container &raquo; bg_parallax= &raquo; &raquo; color_overlay= &raquo; &raquo; vu_equal_height_columns= &raquo; &raquo; row_id= &raquo; &raquo; el_class= &raquo; &raquo; css= &raquo;.vc_custom_1524687887746{margin-bottom: 0px !important;border-bottom-width: 0px !important;padding-bottom: 0px !important;} &raquo;][vc_column vu_vertical_align= &raquo;top &raquo;]\t\t<div class=\"vu_image-slider vu_is-navigation-hover vu_is-pagination-none vu_carousel\" data-options=\"{&quot;singleItem&quot;:true,&quot;autoHeight&quot;:true,&quot;items&quot;:1,&quot;autoPlay&quot;:4000,&quot;stopOnHover&quot;:true,&quot;navigation&quot;:true,&quot;navigationText&quot;:[&quot;&lt;i class=\\&quot;fa fa-angle-left\\&quot;&gt;&lt;\\\/i&gt;&quot;,&quot;&lt;i class=\\&quot;fa fa-angle-right\\&quot;&gt;&lt;\\\/i&gt;&quot;],&quot;rewindNav&quot;:true,&quot;scrollPerPage&quot;:true,&quot;pagination&quot;:false,&quot;paginationNumbers&quot;:false}\" data-delegate=\"a.vu_is-lightbox\">\r\n\t\t\t<div class=\"vu_is-item\"><figure class=\"vu_is-i-figure\"><img width=\"800\" height=\"400\" src=\"https:\/\/www.westernlogistics.com\/wp-content\/uploads\/2018\/04\/employment1-800x400.jpg\" class=\"attachment-transpress_ratio-2:1 size-transpress_ratio-2:1\" alt=\"\" decoding=\"async\" loading=\"lazy\" srcset=\"https:\/\/www.westernlogistics.com\/wp-content\/uploads\/2018\/04\/employment1-800x400.jpg 800w, https:\/\/www.westernlogistics.com\/wp-content\/uploads\/2018\/04\/employment1-300x150.jpg 300w, https:\/\/www.westernlogistics.com\/wp-content\/uploads\/2018\/04\/employment1-768x384.jpg 768w, https:\/\/www.westernlogistics.com\/wp-content\/uploads\/2018\/04\/employment1-1024x512.jpg 1024w, https:\/\/www.westernlogistics.com\/wp-content\/uploads\/2018\/04\/employment1.jpg 1700w\" sizes=\"(max-width: 800px) 100vw, 800px\" \/><\/figure><\/div><div class=\"vu_is-item\"><figure class=\"vu_is-i-figure\"><img width=\"800\" height=\"400\" src=\"https:\/\/www.westernlogistics.com\/wp-content\/uploads\/2018\/04\/employment2-800x400.jpg\" class=\"attachment-transpress_ratio-2:1 size-transpress_ratio-2:1\" alt=\"\" decoding=\"async\" loading=\"lazy\" srcset=\"https:\/\/www.westernlogistics.com\/wp-content\/uploads\/2018\/04\/employment2-800x400.jpg 800w, https:\/\/www.westernlogistics.com\/wp-content\/uploads\/2018\/04\/employment2-300x150.jpg 300w, https:\/\/www.westernlogistics.com\/wp-content\/uploads\/2018\/04\/employment2-768x384.jpg 768w, https:\/\/www.westernlogistics.com\/wp-content\/uploads\/2018\/04\/employment2-1024x512.jpg 1024w, https:\/\/www.westernlogistics.com\/wp-content\/uploads\/2018\/04\/employment2.jpg 1700w\" sizes=\"(max-width: 800px) 100vw, 800px\" \/><\/figure><\/div><div class=\"vu_is-item\"><figure class=\"vu_is-i-figure\"><img width=\"800\" height=\"400\" src=\"https:\/\/www.westernlogistics.com\/wp-content\/uploads\/2018\/04\/employment3-800x400.jpg\" class=\"attachment-transpress_ratio-2:1 size-transpress_ratio-2:1\" alt=\"\" decoding=\"async\" loading=\"lazy\" srcset=\"https:\/\/www.westernlogistics.com\/wp-content\/uploads\/2018\/04\/employment3-800x400.jpg 800w, https:\/\/www.westernlogistics.com\/wp-content\/uploads\/2018\/04\/employment3-300x150.jpg 300w, https:\/\/www.westernlogistics.com\/wp-content\/uploads\/2018\/04\/employment3-768x384.jpg 768w, https:\/\/www.westernlogistics.com\/wp-content\/uploads\/2018\/04\/employment3-1024x512.jpg 1024w, https:\/\/www.westernlogistics.com\/wp-content\/uploads\/2018\/04\/employment3.jpg 1700w\" sizes=\"(max-width: 800px) 100vw, 800px\" \/><\/figure><\/div><div class=\"vu_is-item\"><figure class=\"vu_is-i-figure\"><img width=\"800\" height=\"400\" src=\"https:\/\/www.westernlogistics.com\/wp-content\/uploads\/2018\/04\/employment4-800x400.jpg\" class=\"attachment-transpress_ratio-2:1 size-transpress_ratio-2:1\" alt=\"\" decoding=\"async\" loading=\"lazy\" srcset=\"https:\/\/www.westernlogistics.com\/wp-content\/uploads\/2018\/04\/employment4-800x400.jpg 800w, https:\/\/www.westernlogistics.com\/wp-content\/uploads\/2018\/04\/employment4-300x150.jpg 300w, https:\/\/www.westernlogistics.com\/wp-content\/uploads\/2018\/04\/employment4-768x384.jpg 768w, https:\/\/www.westernlogistics.com\/wp-content\/uploads\/2018\/04\/employment4-1024x512.jpg 1024w, https:\/\/www.westernlogistics.com\/wp-content\/uploads\/2018\/04\/employment4.jpg 1700w\" sizes=\"(max-width: 800px) 100vw, 800px\" \/><\/figure><\/div>\t\t<\/div>\r\n\t[\/vc_column][\/vc_row][vc_row type= &raquo;in_container &raquo; bg_parallax= &raquo; &raquo; color_overlay= &raquo; &raquo; vu_equal_height_columns= &raquo; &raquo; row_id= &raquo; &raquo; el_class= &raquo; &raquo;][vc_column vu_vertical_align= &raquo;top &raquo;]\t\t<header class=\"vu_heading vu_h-alignment-left\">\r\n\t\t\t<h2 class=\"vu_h-heading m-b-0\">VENEZ REJOINDRE NOTRE \u00c9QUIPE<\/h2>\r\n\r\n\t\t\t\t\t<\/header>\r\n\t[vc_column_text]<br \/>\nNous sommes toujours \u00e0 la recherche de conducteurs comp\u00e9tents ayant une attitude positive envers les relations avec les clients et la condition des produits qu&rsquo;ils transportent. Nous proposons des parcours urbains et r\u00e9gionaux, des parcours pour des ensembles routiers longs et des parcours plus longs.<\/p>\n<p>Choisissez le type de conduite qui vous convient le mieux et <a href=\"&#x6d;a&#x69;&#108;&#x74;&#x6f;:&#x64;&#114;&#x69;&#x76;e&#x72;&#97;&#x70;&#x70;l&#x69;&#99;&#x61;&#x74;i&#x6f;&#110;&#x40;&#x77;e&#x73;&#116;&#x65;&#x72;n&#x6c;&#111;&#x67;&#x69;s&#x74;&#105;&#x63;&#x73;&#46;&#x63;&#111;&#x6d;\">faites parvenir votre cv aux services des ressources humaines<\/a>.<\/p>\n<p>Prenez quelques minutes pour consulter les renseignements ci-dessous. Si vous pensez vous plaire chez nous, communiquez avec le bureau le plus proche de chez vous pour discuter de vos qualifications maintenant ou \u00e0 l&rsquo;avenir.[\/vc_column_text][\/vc_column][\/vc_row][vc_row type= &raquo;in_container &raquo; bg_parallax= &raquo; &raquo; color_overlay= &raquo; &raquo; vu_equal_height_columns= &raquo; &raquo; row_id= &raquo; &raquo; el_class= &raquo; &raquo;][vc_column vu_vertical_align= &raquo;top &raquo;]\t\t<header class=\"vu_heading vu_h-alignment-left\">\r\n\t\t\t<h2 class=\"vu_h-heading m-b-0\">\u00c0 PROPOS<\/h2>\r\n\r\n\t\t\t\t\t<\/header>\r\n\t[vc_column_text]Western Logistics a \u00e9t\u00e9 cr\u00e9\u00e9e en 1990 pour fournir un service de transport et de distribution de grande qualit\u00e9 aux fabricants et revendeurs canadiens de mobilier de bureau neuf. Le service comprend le regroupement de chargements partiels dans les zones de production et une distribution de services complets \u00e0 valeur ajout\u00e9e pour chaque destination, y compris des options d&rsquo;entreposage et des services de transport routier r\u00e9gionaux.<\/p>\n<p>Depuis sa cr\u00e9ation, Western Logistics a progressivement \u00e9tendu son r\u00e9seau au Canada et aux \u00c9tats-Unis. Nous exploitons maintenant 13\u00a0centres de distribution d\u2019un oc\u00e9an \u00e0 l\u2019autre. Nous offrons des services r\u00e9gionaux \u00e0 partir de chaque succursale, ainsi qu\u2019un petit parc de v\u00e9hicule pour le transport sp\u00e9cialis\u00e9. Notre parc de v\u00e9hicule est compos\u00e9 de Kenworth T680 et des International Prostars.<\/p>\n<p>D\u00e8s le d\u00e9part, Western Logistics s\u2019est efforc\u00e9e d\u2019\u00eatre une entreprise id\u00e9ale, cherchant toujours \u00e0 am\u00e9liorer le service, les installations, l&rsquo;\u00e9quipement et les relations avec les clients, les employ\u00e9s et les fournisseurs. Ce faisant, nous sommes devenus comp\u00e9tents dans notre cr\u00e9neau. L&rsquo;entreprise a un avenir brillant.[\/vc_column_text][\/vc_column][\/vc_row][vc_row type= &raquo;in_container &raquo; bg_parallax= &raquo; &raquo; color_overlay= &raquo; &raquo; vu_equal_height_columns= &raquo; &raquo; row_id= &raquo; &raquo; el_class= &raquo; &raquo;][vc_column vu_vertical_align= &raquo;top &raquo;]\t\t<header class=\"vu_heading vu_h-alignment-left\">\r\n\t\t\t<h2 class=\"vu_h-heading m-b-0\">NOTRE PHILOSOPHIE \u00c0 PROPOS DE NOTRE PERSONNEL<\/h2>\r\n\r\n\t\t\t\t\t<\/header>\r\n\t[vc_column_text]Si vous aimez travailler fort et intelligemment, si vous aimez la nature physique de notre travail et si vous aimez utiliser des \u00e9quipements modernes et bien entretenus, alors vous appr\u00e9cierez certainement Western Logistics. Vous \u00eates \u00e0 la recherche d\u2019un environnement de travail o\u00f9 l&rsquo;on se respecte mutuellement, vous souhaitez faire partie d\u2019une \u00e9quipe dynamique et productive et vous d\u00e9sirez un emploi stable dans une entreprise qui a de l&rsquo;avenir? Vous \u00eates au bon endroit!<\/p>\n<p>Western Logistics croit sinc\u00e8rement que son succ\u00e8s r\u00e9sulte des efforts conjugu\u00e9s de son personnel. Nous excellons dans ce domaine et nous aimons le montrer! Notre personnel fait la diff\u00e9rence. Depuis ses d\u00e9buts, Western Logistics s\u2019efforce d\u2019am\u00e9liorer la s\u00e9curit\u00e9 et le bien-\u00eatre de son personnel dans la mesure de sa capacit\u00e9 financi\u00e8re. L&rsquo;entreprise a adopt\u00e9 une politique de \u00ab\u00a0porte ouverte\u00a0\u00bb. L&rsquo;\u00e9galit\u00e9 r\u00e8gne et nous r\u00e9glons les probl\u00e8mes. Nous prenons soin de notre personnel, mais nous attendons beaucoup de lui.[\/vc_column_text][\/vc_column][\/vc_row][vc_row type= &raquo;in_container &raquo; bg_parallax= &raquo; &raquo; color_overlay= &raquo; &raquo; vu_equal_height_columns= &raquo; &raquo; row_id= &raquo; &raquo; el_class= &raquo; &raquo;][vc_column vu_vertical_align= &raquo;top &raquo;]\t\t<header class=\"vu_heading vu_h-alignment-left\">\r\n\t\t\t<h2 class=\"vu_h-heading m-b-0\">CE QUE NOUS ATTENDONS DE VOUS<\/h2>\r\n\r\n\t\t\t\t\t<\/header>\r\n\t[vc_column_text]<\/p>\n<ul>\n<li>Un esprit d&rsquo;\u00e9quipe et une attitude professionnelle.<\/li>\n<li>La volont\u00e9 de travailler fort et de fa\u00e7on r\u00e9fl\u00e9chie.<\/li>\n<li>De la flexibilit\u00e9. La logistique est un domaine compliqu\u00e9.<\/li>\n<li>De la flexibilit\u00e9 dans les t\u00e2ches. Nous croyons \u00e0 l&rsquo;entraide.<\/li>\n<li>De l&rsquo;honn\u00eatet\u00e9. Si vous faites une erreur, dites-le afin que l&rsquo;on puisse avertir le client et att\u00e9nuer le probl\u00e8me.<\/li>\n<li>De la fiabilit\u00e9, un engagement et de l\u2019int\u00e9grit\u00e9. Nos \u00e9quipes sont petites et nous avons besoin de vous au travail!<\/li>\n<li>Le respect de vous-m\u00eame, de vos co\u00e9quipiers et de votre \u00e9quipement.<\/li>\n<li>La volont\u00e9 d\u2019\u00e9voluer avec l\u2019entreprise en am\u00e9liorant vos comp\u00e9tences.<\/li>\n<li>Un dossier de conduite vierge (pour les conducteurs).<\/li>\n<li>La capacit\u00e9 de r\u00e9ussir les tests pr\u00e9alables \u00e0 l\u2019emploi canadiens et am\u00e9ricains et de passer des tests al\u00e9atoires de d\u00e9pistage (consommation de drogue et recherche criminelle).<\/li>\n<li>De l\u2019exp\u00e9rience en manipulation de meubles est souhaitable.<\/li>\n<\/ul>\n<p>[\/vc_column_text][\/vc_column][\/vc_row][vc_row type= &raquo;in_container &raquo; bg_parallax= &raquo; &raquo; color_overlay= &raquo; &raquo; vu_equal_height_columns= &raquo; &raquo; row_id= &raquo; &raquo; el_class= &raquo; &raquo;][vc_column vu_vertical_align= &raquo;top &raquo;]\t\t<header class=\"vu_heading vu_h-alignment-left\">\r\n\t\t\t<h2 class=\"vu_h-heading m-b-0\">CE QUE NOUS VOUS OFFRONS<\/h2>\r\n\r\n\t\t\t\t\t<\/header>\r\n\t[vc_column_text]<\/p>\n<ul>\n<li>Un emploi stable au service d\u2019une entreprise ayant une histoire de croissance continue et du travail toute l\u2019ann\u00e9e.<\/li>\n<li>Un contact avec des clients de qualit\u00e9 qui appr\u00e9cient vraiment le service que fournissent nos chauffeurs et le personnel de nos entrep\u00f4ts.<\/li>\n<li>Nous offrons aux chauffeurs de bons parcours kilom\u00e9tr\u00e9s dans les limites l\u00e9gales.<\/li>\n<li>Des op\u00e9rations bien organis\u00e9es et bien g\u00e9r\u00e9es, des horaires de travail attrayants et flexibles et des parcours planifi\u00e9s.<\/li>\n<li>Une d\u00e9marche commerciale sensible et bienveillante et une appr\u00e9ciation du r\u00f4le des employ\u00e9s dans notre succ\u00e8s.<\/li>\n<li>De l\u2019\u00e9quipement de premi\u00e8re classe.<\/li>\n<li>De bons salaires de base et taux de kilom\u00e9trage.<\/li>\n<li>D\u2019excellents r\u00e9gimes d\u2019avantages sociaux, d\u2019assurance maladie, de soins dentaires, d\u2019assurance-vie et d\u2019invalidit\u00e9 de courte dur\u00e9e.<\/li>\n<li>Un REER avec cotisations de l&#8217;employeur.<\/li>\n<li>Un v\u00e9ritable sentiment de faire partie d\u2019une \u00e9quipe gagnante.<\/li>\n<\/ul>\n<p>[\/vc_column_text][\/vc_column][\/vc_row]<\/p>\n","protected":false},"excerpt":{"rendered":"<p>[vc_row type= &raquo;in_container &raquo; bg_parallax= &raquo; &raquo; color_overlay= &raquo; &raquo; vu_equal_height_columns= &raquo; &raquo; row_id= &raquo; &raquo; el_class= &raquo; &raquo; css= &raquo;.vc_custom_1524687887746{margin-bottom: 0px !important;border-bottom-width: 0px !important;padding-bottom: 0px !important;} &raquo;][vc_column vu_vertical_align= &raquo;top &raquo;][\/vc_column][\/vc_row][vc_row type= &raquo;in_container &raquo; bg_parallax= &raquo; &raquo; color_overlay= &raquo; &raquo; vu_equal_height_columns= &raquo; &raquo; row_id= &raquo; &raquo; el_class= &raquo; &raquo;][vc_column vu_vertical_align= &raquo;top &raquo;][vc_column_text] Nous sommes toujours [&hellip;]<\/p>\n","protected":false},"author":3,"featured_media":0,"parent":0,"menu_order":0,"comment_status":"closed","ping_status":"closed","template":"","meta":{"content-type":"","footnotes":""},"_links":{"self":[{"href":"https:\/\/www.westernlogistics.com\/fr\/wp-json\/wp\/v2\/pages\/1722"}],"collection":[{"href":"https:\/\/www.westernlogistics.com\/fr\/wp-json\/wp\/v2\/pages"}],"about":[{"href":"https:\/\/www.westernlogistics.com\/fr\/wp-json\/wp\/v2\/types\/page"}],"author":[{"embeddable":true,"href":"https:\/\/www.westernlogistics.com\/fr\/wp-json\/wp\/v2\/users\/3"}],"replies":[{"embeddable":true,"href":"https:\/\/www.westernlogistics.com\/fr\/wp-json\/wp\/v2\/comments?post=1722"}],"version-history":[{"count":6,"href":"https:\/\/www.westernlogistics.com\/fr\/wp-json\/wp\/v2\/pages\/1722\/revisions"}],"predecessor-version":[{"id":1856,"href":"https:\/\/www.westernlogistics.com\/fr\/wp-json\/wp\/v2\/pages\/1722\/revisions\/1856"}],"wp:attachment":[{"href":"https:\/\/www.westernlogistics.com\/fr\/wp-json\/wp\/v2\/media?parent=1722"}],"curies":[{"name":"wp","href":"https:\/\/api.w.org\/{rel}","templated":true}]}}