{"id":1756,"date":"2018-12-02T19:01:17","date_gmt":"2018-12-02T19:01:17","guid":{"rendered":"https:\/\/www.westernlogistics.com\/formulaires\/"},"modified":"2023-04-28T20:52:10","modified_gmt":"2023-04-28T20:52:10","slug":"formulaires","status":"publish","type":"page","link":"https:\/\/www.westernlogistics.com\/fr\/formulaires\/","title":{"rendered":"Formulaires"},"content":{"rendered":"<p>[vc_row type= &raquo;in_container &raquo; bg_parallax= &raquo; &raquo; color_overlay= &raquo; &raquo; vu_equal_height_columns= &raquo; &raquo; row_id= &raquo; &raquo; el_class= &raquo; &raquo;][vc_column vu_vertical_align= &raquo;top &raquo;][vc_column_text]<\/p>\n<h3>Formulaires<\/h3>\n<p>[\/vc_column_text]\t\t<header class=\"vu_heading vu_h-alignment-left\">\r\n\t\t\t<h2 class=\"vu_h-heading m-b-0\">CONNAISSEMENT<\/h2>\r\n\r\n\t\t\t\t\t<\/header>\r\n\t[vc_column_text]<\/p>\n<div class=\"\">\n<div class=\"\">\n<div class=\"\">\n<p><strong><a href=\"http:\/\/www.westernlogistics.com\/wp-content\/uploads\/2019\/01\/WLI-bill-of-lading-FR1.pdf\" target=\"_blank\" rel=\"noopener\">T\u00e9l\u00e9chargez et imprimez le connaissement<\/a>\u00a0<\/strong>que vous devez remplir afin d&rsquo;entamer le processus d&rsquo;exp\u00e9dition. Une fois que vous avez saisi les d\u00e9tails de votre chargement, il suffit de l&rsquo;envoyer par t\u00e9l\u00e9copieur au terminal le plus proche de chez vous. Vous trouverez les coordonn\u00e9es de nos terminaux <a href=\"https:\/\/www.westernlogistics.com\/fr\/siege-social\/\">ici<\/a>.<\/div>\n<\/div>\n<\/div>\n<div class=\"\">\n<div class=\"\">\n<div class=\"\">\n<div class=\"\"><\/div>\n<\/div>\n<\/div>\n<\/div>\n<p>[\/vc_column_text]\t\t<header class=\"vu_heading vu_h-alignment-left\">\r\n\t\t\t<h2 class=\"vu_h-heading m-b-0\">FORMULAIRE DE R\u00c9CLAMATION POUR PERTES OU DOMMAGES<\/h2>\r\n\r\n\t\t\t\t\t<\/header>\r\n\t[vc_column_text]<\/p>\n<p class=\"p1\"><span class=\"s1\">Dans le cas o\u00f9 votre marchandise serait endommag\u00e9e ou perdue, vous pouvez t\u00e9l\u00e9charger et remplir le <a href=\"http:\/\/www.westernlogistics.com\/wp-content\/uploads\/2019\/01\/WLI-claim-report2-FR.pdf\" target=\"_blank\" rel=\"noopener\"><strong>formulaire de r\u00e9clamation<\/strong><\/a> et nous l&rsquo;envoyer par t\u00e9l\u00e9copieur au 1-604-420-6500 ou par courriel \u00e0 l&rsquo;adresse <strong><a href=\"&#x6d;&#x61;&#x69;&#x6c;&#x74;&#x6f;&#x3a;&#114;&#101;&#99;&#108;&#97;mati&#x6f;&#x6e;&#x40;&#x77;&#x65;&#x73;&#x74;&#x65;&#114;&#110;&#108;&#111;&#103;isti&#x63;&#x73;&#x2e;&#x63;&#x6f;&#x6d;\"><span class=\"s2\">Reclamation.<\/span><\/a><\/strong><\/span><\/p>\n<p>[\/vc_column_text][\/vc_column][\/vc_row][vc_row type= &raquo;in_container &raquo; bg_parallax= &raquo; &raquo; color_overlay= &raquo; &raquo; vu_equal_height_columns= &raquo; &raquo; row_id= &raquo; &raquo; el_class= &raquo; &raquo;][vc_column vu_vertical_align= &raquo;top &raquo;]\t\t<header class=\"vu_heading vu_h-alignment-left\">\r\n\t\t\t<h2 class=\"vu_h-heading m-b-0\">CERTIFICAT D&#039;ORIGINE DE L&#039;ALENA<\/h2>\r\n\r\n\t\t\t\t\t<\/header>\r\n\t[vc_column_text]Le certificat d&rsquo;origine de l&rsquo;ALENA doit \u00eatre rempli pour toutes les exp\u00e9ditions du Canada vers les \u00c9tats-Unis ou des \u00c9tats-Unis vers le Canada. <a href=\"http:\/\/www.westernlogistics.com\/wp-content\/uploads\/2019\/01\/WLI-NAFTA-form-FR-1.pdf\" target=\"_blank\" rel=\"noopener\"><strong>T\u00e9l\u00e9chargez et imprimez ce formulaire.<\/strong><\/a> Veuillez pr\u00e9senter ce formulaire rempli au conducteur lorsqu&rsquo;il viendra chercher votre marchandise.[\/vc_column_text][\/vc_column][\/vc_row][vc_row type= &raquo;in_container &raquo; bg_parallax= &raquo; &raquo; color_overlay= &raquo; &raquo; vu_equal_height_columns= &raquo; &raquo; row_id= &raquo; &raquo; el_class= &raquo; &raquo;][vc_column vu_vertical_align= &raquo;top &raquo;]\t\t<header class=\"vu_heading vu_h-alignment-left\">\r\n\t\t\t<h2 class=\"vu_h-heading m-b-0\">DEMANDE DE CR\u00c9DIT<\/h2>\r\n\r\n\t\t\t\t\t<\/header>\r\n\t[vc_column_text]Le formulaire de <a href=\"http:\/\/www.westernlogistics.com\/wp-content\/uploads\/2019\/01\/WLI-credit-application-FR1.pdf\" target=\"_blank\" rel=\"noopener\"><strong>demande de cr\u00e9dit<\/strong><\/a> doit \u00eatre rempli pour la premi\u00e8re exp\u00e9dition. Veuillez imprimer et remplir ce formulaire puis nous l&rsquo;envoyer par t\u00e9l\u00e9copieur au si\u00e8ge social au 1-604-420-6500 et nous nous occuperons du reste.[\/vc_column_text][\/vc_column][\/vc_row][vc_row type= &raquo;in_container &raquo; bg_parallax= &raquo; &raquo; color_overlay= &raquo; &raquo; vu_equal_height_columns= &raquo; &raquo; row_id= &raquo; &raquo; el_class= &raquo; &raquo;][vc_column vu_vertical_align= &raquo;top &raquo;]\t\t<header class=\"vu_heading vu_h-alignment-left\">\r\n\t\t\t<h2 class=\"vu_h-heading m-b-0\">AUTORISATION DE CARTE DE CR\u00c9DIT<\/h2>\r\n\r\n\t\t\t\t\t<\/header>\r\n\t[vc_column_text]L&rsquo;<a href=\"http:\/\/www.westernlogistics.com\/wp-content\/uploads\/2019\/01\/WLI-credit-authorization-FR.pdf\" target=\"_blank\" rel=\"noopener\"><strong>autorisation de la carte de cr\u00e9dit<\/strong><\/a> doit \u00eatre remplie afin que nous puissions traiter les paiements effectu\u00e9s par carte de cr\u00e9dit. Envoyez le formulaire rempli par t\u00e9l\u00e9copieur au si\u00e8ge social au 1-604-420-6500 et nous nous occuperons du reste.<\/p>\n<p>Avez-vous des questions? N&rsquo;h\u00e9sitez pas \u00e0 contacter notre <a href=\"&#x6d;a&#x69;&#108;&#x74;&#x6f;:&#x63;&#117;&#x73;&#x74;o&#x6d;&#101;&#x72;&#x73;e&#x72;&#118;&#x69;&#x63;e&#x40;&#119;&#x65;&#x73;t&#x65;&#114;&#x6e;&#x6c;o&#x67;&#105;&#x73;&#x74;i&#x63;&#115;&#x2e;&#x63;o&#x6d;\"><strong>service \u00e0 la client\u00e8le.<\/strong><\/a>[\/vc_column_text][\/vc_column][\/vc_row]<\/p>\n","protected":false},"excerpt":{"rendered":"<p>[vc_row type= &raquo;in_container &raquo; bg_parallax= &raquo; &raquo; color_overlay= &raquo; &raquo; vu_equal_height_columns= &raquo; &raquo; row_id= &raquo; &raquo; el_class= &raquo; &raquo;][vc_column vu_vertical_align= &raquo;top &raquo;][vc_column_text] Formulaires [\/vc_column_text][vc_column_text] T\u00e9l\u00e9chargez et imprimez le connaissement\u00a0que vous devez remplir afin d&rsquo;entamer le processus d&rsquo;exp\u00e9dition. Une fois que vous avez saisi les d\u00e9tails de votre chargement, il suffit de l&rsquo;envoyer par t\u00e9l\u00e9copieur au [&hellip;]<\/p>\n","protected":false},"author":3,"featured_media":0,"parent":0,"menu_order":0,"comment_status":"closed","ping_status":"closed","template":"","meta":{"content-type":"","footnotes":""},"_links":{"self":[{"href":"https:\/\/www.westernlogistics.com\/fr\/wp-json\/wp\/v2\/pages\/1756"}],"collection":[{"href":"https:\/\/www.westernlogistics.com\/fr\/wp-json\/wp\/v2\/pages"}],"about":[{"href":"https:\/\/www.westernlogistics.com\/fr\/wp-json\/wp\/v2\/types\/page"}],"author":[{"embeddable":true,"href":"https:\/\/www.westernlogistics.com\/fr\/wp-json\/wp\/v2\/users\/3"}],"replies":[{"embeddable":true,"href":"https:\/\/www.westernlogistics.com\/fr\/wp-json\/wp\/v2\/comments?post=1756"}],"version-history":[{"count":11,"href":"https:\/\/www.westernlogistics.com\/fr\/wp-json\/wp\/v2\/pages\/1756\/revisions"}],"predecessor-version":[{"id":2327,"href":"https:\/\/www.westernlogistics.com\/fr\/wp-json\/wp\/v2\/pages\/1756\/revisions\/2327"}],"wp:attachment":[{"href":"https:\/\/www.westernlogistics.com\/fr\/wp-json\/wp\/v2\/media?parent=1756"}],"curies":[{"name":"wp","href":"https:\/\/api.w.org\/{rel}","templated":true}]}}