{"id":1758,"date":"2018-12-02T19:01:30","date_gmt":"2018-12-02T19:01:30","guid":{"rendered":"https:\/\/www.westernlogistics.com\/avis-de-surcharge-de-carburant\/"},"modified":"2026-03-31T16:44:32","modified_gmt":"2026-03-31T16:44:32","slug":"avis-de-surcharge-de-carburant","status":"publish","type":"page","link":"https:\/\/www.westernlogistics.com\/fr\/avis-de-surcharge-de-carburant\/","title":{"rendered":"Avis de surcharge de carburant"},"content":{"rendered":"<p>[vc_row type= &raquo;in_container &raquo; bg_parallax= &raquo; &raquo; color_overlay= &raquo; &raquo; vu_equal_height_columns= &raquo; &raquo; row_id= &raquo; &raquo; el_class= &raquo; &raquo;][vc_column vu_vertical_align= &raquo;top &raquo;][vc_column_text]Nous avons adopt\u00e9 une politique de surcharge de carburant bas\u00e9e sur les donn\u00e9es publi\u00e9es par la FCA et le NATC. Cependant, nos taux varient l\u00e9g\u00e8rement afin de refl\u00e9ter les activit\u00e9s au sein de tous les march\u00e9s que nous servons au Canada et aux \u00c9tats-Unis.<\/p>\n<h3>Exp\u00e9ditions au Canada<\/h3>\n<div class='jtrt_table_MotherShipContainer'><div class='jtTableContainer jtrespo-scroll  ' ><div class='jtsettingcontainer' style='display:none;position:absolute;left:-9999px;'><textarea data-jtrt-table-id='1848' id='jtrt_table_settings_1848' cols='30' rows='10'>[[[\"Pied lin\\u00e9aire\",\"Pied cube\",\"23-mars\",\"1-avr.\"],[\"De 0 \\u00e0 15'\",\"De 0 \\u00e0 1024\",\"35,0\",\"38,0\"],[\"16'\",\"1024+\",\"37,8\",\"40,8\"],[\"18'\",\"1152+\",\"40,7\",\"43,7\"],[\"20'\",\"1280+\",\"43,5\",\"46,5\"],[\"22'\",\"1408+\",\"46,3\",\"49,3\"],[\"24'\",\"1536+\",\"49,2\",\"52,2\"],[\"26'\",\"1664+\",\"52,0\",\"55,0\"],[\"28'\",\"1792+\",\"54,8\",\"57,8\"],[\"30'\",\"1920+\",\"57,7\",\"60,7\"],[\"32'\",\"2048+\",\"60,5\",\"63,5\"],[\"34'\",\"2176+\",\"63,3\",\"66,3\"],[\"36'\",\"2304+\",\"66,2\",\"69,2\"],[\"38' \\u00e0 TL\",\"2432+\",\"69,0\",\"72,0\"]],[{\"row\":0,\"col\":0,\"visualRow\":0,\"visualCol\":0,\"prop\":0,\"jtcellstyle\":{\"font-weight\":\"bold\"}},{\"row\":0,\"col\":1,\"visualRow\":0,\"visualCol\":1,\"prop\":1,\"jtcellstyle\":{\"font-weight\":\"bold\"}},{\"row\":0,\"col\":2,\"visualRow\":0,\"visualCol\":2,\"prop\":2,\"jtcellstyle\":{\"font-weight\":\"bold\"}},{\"row\":0,\"col\":3,\"visualRow\":0,\"visualCol\":3,\"prop\":3,\"jtcellstyle\":{\"font-weight\":\"bold\"}},{\"row\":1,\"col\":0,\"visualRow\":1,\"visualCol\":0,\"prop\":0,\"jtcellstyle\":{\"font-weight\":\"bold\",\"background\":\"#efefef\"}},{\"row\":1,\"col\":1,\"visualRow\":1,\"visualCol\":1,\"prop\":1,\"jtcellstyle\":{\"font-weight\":\"bold\",\"background\":\"#efefef\"}},{\"row\":1,\"col\":2,\"visualRow\":1,\"visualCol\":2,\"prop\":2,\"jtcellstyle\":{\"background\":\"#efefef\"}},{\"row\":1,\"col\":3,\"visualRow\":1,\"visualCol\":3,\"prop\":3,\"jtcellstyle\":{\"background\":\"#efefef\"}},{\"row\":2,\"col\":0,\"visualRow\":2,\"visualCol\":0,\"prop\":0,\"jtcellstyle\":{\"font-weight\":\"bold\"}},{\"row\":2,\"col\":1,\"visualRow\":2,\"visualCol\":1,\"prop\":1,\"jtcellstyle\":{\"font-weight\":\"bold\"}},{\"row\":2,\"col\":2,\"visualRow\":2,\"visualCol\":2,\"prop\":2},{\"row\":2,\"col\":3,\"visualRow\":2,\"visualCol\":3,\"prop\":3},{\"row\":3,\"col\":0,\"visualRow\":3,\"visualCol\":0,\"prop\":0,\"jtcellstyle\":{\"font-weight\":\"bold\",\"background\":\"#efefef\"}},{\"row\":3,\"col\":1,\"visualRow\":3,\"visualCol\":1,\"prop\":1,\"jtcellstyle\":{\"font-weight\":\"bold\",\"background\":\"#efefef\"}},{\"row\":3,\"col\":2,\"visualRow\":3,\"visualCol\":2,\"prop\":2,\"jtcellstyle\":{\"background\":\"#efefef\"}},{\"row\":3,\"col\":3,\"visualRow\":3,\"visualCol\":3,\"prop\":3,\"jtcellstyle\":{\"background\":\"#efefef\"}},{\"row\":4,\"col\":0,\"visualRow\":4,\"visualCol\":0,\"prop\":0,\"jtcellstyle\":{\"font-weight\":\"bold\"}},{\"row\":4,\"col\":1,\"visualRow\":4,\"visualCol\":1,\"prop\":1,\"jtcellstyle\":{\"font-weight\":\"bold\"}},{\"row\":4,\"col\":2,\"visualRow\":4,\"visualCol\":2,\"prop\":2},{\"row\":4,\"col\":3,\"visualRow\":4,\"visualCol\":3,\"prop\":3},{\"row\":5,\"col\":0,\"visualRow\":5,\"visualCol\":0,\"prop\":0,\"jtcellstyle\":{\"font-weight\":\"bold\",\"background\":\"#efefef\"}},{\"row\":5,\"col\":1,\"visualRow\":5,\"visualCol\":1,\"prop\":1,\"jtcellstyle\":{\"font-weight\":\"bold\",\"background\":\"#efefef\"}},{\"row\":5,\"col\":2,\"visualRow\":5,\"visualCol\":2,\"prop\":2,\"jtcellstyle\":{\"background\":\"#efefef\"}},{\"row\":5,\"col\":3,\"visualRow\":5,\"visualCol\":3,\"prop\":3,\"jtcellstyle\":{\"background\":\"#efefef\"}},{\"row\":6,\"col\":0,\"visualRow\":6,\"visualCol\":0,\"prop\":0,\"jtcellstyle\":{\"font-weight\":\"bold\"}},{\"row\":6,\"col\":1,\"visualRow\":6,\"visualCol\":1,\"prop\":1,\"jtcellstyle\":{\"font-weight\":\"bold\"}},{\"row\":6,\"col\":2,\"visualRow\":6,\"visualCol\":2,\"prop\":2},{\"row\":6,\"col\":3,\"visualRow\":6,\"visualCol\":3,\"prop\":3},{\"row\":7,\"col\":0,\"visualRow\":7,\"visualCol\":0,\"prop\":0,\"jtcellstyle\":{\"font-weight\":\"bold\",\"background\":\"#efefef\"}},{\"row\":7,\"col\":1,\"visualRow\":7,\"visualCol\":1,\"prop\":1,\"jtcellstyle\":{\"font-weight\":\"bold\",\"background\":\"#efefef\"}},{\"row\":7,\"col\":2,\"visualRow\":7,\"visualCol\":2,\"prop\":2,\"jtcellstyle\":{\"background\":\"#efefef\"}},{\"row\":7,\"col\":3,\"visualRow\":7,\"visualCol\":3,\"prop\":3,\"jtcellstyle\":{\"background\":\"#efefef\"}},{\"row\":8,\"col\":0,\"visualRow\":8,\"visualCol\":0,\"prop\":0,\"jtcellstyle\":{\"font-weight\":\"bold\"}},{\"row\":8,\"col\":1,\"visualRow\":8,\"visualCol\":1,\"prop\":1,\"jtcellstyle\":{\"font-weight\":\"bold\"}},{\"row\":8,\"col\":2,\"visualRow\":8,\"visualCol\":2,\"prop\":2},{\"row\":8,\"col\":3,\"visualRow\":8,\"visualCol\":3,\"prop\":3},{\"row\":9,\"col\":0,\"visualRow\":9,\"visualCol\":0,\"prop\":0,\"jtcellstyle\":{\"font-weight\":\"bold\",\"background\":\"#efefef\"}},{\"row\":9,\"col\":1,\"visualRow\":9,\"visualCol\":1,\"prop\":1,\"jtcellstyle\":{\"font-weight\":\"bold\",\"background\":\"#efefef\"}},{\"row\":9,\"col\":2,\"visualRow\":9,\"visualCol\":2,\"prop\":2,\"jtcellstyle\":{\"background\":\"#efefef\"}},{\"row\":9,\"col\":3,\"visualRow\":9,\"visualCol\":3,\"prop\":3,\"jtcellstyle\":{\"background\":\"#efefef\"}},{\"row\":10,\"col\":0,\"visualRow\":10,\"visualCol\":0,\"prop\":0,\"jtcellstyle\":{\"font-weight\":\"bold\"}},{\"row\":10,\"col\":1,\"visualRow\":10,\"visualCol\":1,\"prop\":1,\"jtcellstyle\":{\"font-weight\":\"bold\"}},{\"row\":10,\"col\":2,\"visualRow\":10,\"visualCol\":2,\"prop\":2},{\"row\":10,\"col\":3,\"visualRow\":10,\"visualCol\":3,\"prop\":3},{\"row\":11,\"col\":0,\"visualRow\":11,\"visualCol\":0,\"prop\":0,\"jtcellstyle\":{\"background\":\"#efefef\",\"font-weight\":\"bold\"}},{\"row\":11,\"col\":1,\"visualRow\":11,\"visualCol\":1,\"prop\":1,\"jtcellstyle\":{\"background\":\"#efefef\",\"font-weight\":\"bold\"}},{\"row\":11,\"col\":2,\"visualRow\":11,\"visualCol\":2,\"prop\":2,\"jtcellstyle\":{\"background\":\"#efefef\"}},{\"row\":11,\"col\":3,\"visualRow\":11,\"visualCol\":3,\"prop\":3,\"jtcellstyle\":{\"background\":\"#efefef\"}},{\"row\":12,\"col\":0,\"visualRow\":12,\"visualCol\":0,\"prop\":0,\"jtcellstyle\":{\"font-weight\":\"bold\"}},{\"row\":12,\"col\":1,\"visualRow\":12,\"visualCol\":1,\"prop\":1,\"jtcellstyle\":{\"font-weight\":\"bold\"}},{\"row\":12,\"col\":2,\"visualRow\":12,\"visualCol\":2,\"prop\":2},{\"row\":12,\"col\":3,\"visualRow\":12,\"visualCol\":3,\"prop\":3},{\"row\":13,\"col\":0,\"visualRow\":13,\"visualCol\":0,\"prop\":0,\"jtcellstyle\":{\"background\":\"#efefef\",\"font-weight\":\"bold\"}},{\"row\":13,\"col\":1,\"visualRow\":13,\"visualCol\":1,\"prop\":1,\"jtcellstyle\":{\"background\":\"#efefef\",\"font-weight\":\"bold\"}},{\"row\":13,\"col\":2,\"visualRow\":13,\"visualCol\":2,\"prop\":2,\"jtcellstyle\":{\"background\":\"#efefef\"}},{\"row\":13,\"col\":3,\"visualRow\":13,\"visualCol\":3,\"prop\":3,\"jtcellstyle\":{\"background\":\"#efefef\"}}],[],[]]<\/textarea><textarea data-jtrt-table-id='1848' id='jtrt_table_bps_1848' cols='30' rows='10'>[]<\/textarea><\/div><table id='jtrt_table_1848' data-sorting='false' data-paging='false' data-paging-size='10' data-paging-menu='10,20,50,100' data-filtering='false' data-jtrt-table-id='1848' class='jtrt-table  ' ><thead><tr><th>Pied lin\u00e9aire<\/th><th>Pied cube<\/th><th>23-mars<\/th><th>1-avr.<\/th><\/tr><\/thead><tbody><tr><td>De 0 \u00e0 15'<\/td><td>De 0 \u00e0 1024<\/td><td>35,0<\/td><td>38,0<\/td><\/tr><tr><td>16'<\/td><td>1024+<\/td><td>37,8<\/td><td>40,8<\/td><\/tr><tr><td>18'<\/td><td>1152+<\/td><td>40,7<\/td><td>43,7<\/td><\/tr><tr><td>20'<\/td><td>1280+<\/td><td>43,5<\/td><td>46,5<\/td><\/tr><tr><td>22'<\/td><td>1408+<\/td><td>46,3<\/td><td>49,3<\/td><\/tr><tr><td>24'<\/td><td>1536+<\/td><td>49,2<\/td><td>52,2<\/td><\/tr><tr><td>26'<\/td><td>1664+<\/td><td>52,0<\/td><td>55,0<\/td><\/tr><tr><td>28'<\/td><td>1792+<\/td><td>54,8<\/td><td>57,8<\/td><\/tr><tr><td>30'<\/td><td>1920+<\/td><td>57,7<\/td><td>60,7<\/td><\/tr><tr><td>32'<\/td><td>2048+<\/td><td>60,5<\/td><td>63,5<\/td><\/tr><tr><td>34'<\/td><td>2176+<\/td><td>63,3<\/td><td>66,3<\/td><\/tr><tr><td>36'<\/td><td>2304+<\/td><td>66,2<\/td><td>69,2<\/td><\/tr><tr><td>38' \u00e0 TL<\/td><td>2432+<\/td><td>69,0<\/td><td>72,0<\/td><\/tr><\/tbody><\/table><\/div><\/div>\n<h3>\u00c9tats-Unis et transports transfrontaliers<\/h3>\n<div class='jtrt_table_MotherShipContainer'><div class='jtTableContainer jtrespo-scroll  ' ><div class='jtsettingcontainer' style='display:none;position:absolute;left:-9999px;'><textarea data-jtrt-table-id='1849' id='jtrt_table_settings_1849' cols='30' rows='10'>[[[\"Pied lin\\u00e9aire\",\"Pied cube\",\"23-mars\",\"1-avr.\"],[\"De 0 \\u00e0 15'\",\"De 0 \\u00e0 1024\",\"33,0\",\"38,0\"],[\"16'\",\"1024+\",\"36,3\",\"41,1\"],[\"18'\",\"1152+\",\"39,5\",\"44,2\"],[\"20'\",\"1280+\",\"42,8\",\"47,3\"],[\"22'\",\"1408+\",\"46,0\",\"50,3\"],[\"24'\",\"1536+\",\"49,3\",\"53,4\"],[\"26'\",\"1664+\",\"52,5\",\"56,5\"],[\"28'\",\"1792+\",\"55,8\",\"59,6\"],[\"30'\",\"1920+\",\"59,0\",\"62,7\"],[\"32'\",\"2048+\",\"62,3\",\"65,8\"],[\"34'\",\"2176+\",\"65,5\",\"68,8\"],[\"36'\",\"2304+\",\"68,8\",\"71,9\"],[\"38' \\u00e0 TL\",\"2432+\",\"72,0\",\"75,0\"]],[{\"row\":0,\"col\":0,\"visualRow\":0,\"visualCol\":0,\"prop\":0,\"jtcellstyle\":{\"font-weight\":\"bold\"}},{\"row\":0,\"col\":1,\"visualRow\":0,\"visualCol\":1,\"prop\":1,\"jtcellstyle\":{\"font-weight\":\"bold\"}},{\"row\":0,\"col\":2,\"visualRow\":0,\"visualCol\":2,\"prop\":2,\"jtcellstyle\":{\"font-weight\":\"bold\"}},{\"row\":0,\"col\":3,\"visualRow\":0,\"visualCol\":3,\"prop\":3,\"jtcellstyle\":{\"font-weight\":\"bold\"}},{\"row\":1,\"col\":0,\"visualRow\":1,\"visualCol\":0,\"prop\":0,\"jtcellstyle\":{\"font-weight\":\"bold\",\"background\":\"#efefef\"}},{\"row\":1,\"col\":1,\"visualRow\":1,\"visualCol\":1,\"prop\":1,\"jtcellstyle\":{\"font-weight\":\"bold\",\"background\":\"#efefef\"}},{\"row\":1,\"col\":2,\"visualRow\":1,\"visualCol\":2,\"prop\":2,\"jtcellstyle\":{\"background\":\"#efefef\"}},{\"row\":1,\"col\":3,\"visualRow\":1,\"visualCol\":3,\"prop\":3,\"jtcellstyle\":{\"background\":\"#efefef\"}},{\"row\":2,\"col\":0,\"visualRow\":2,\"visualCol\":0,\"prop\":0,\"jtcellstyle\":{\"font-weight\":\"bold\"}},{\"row\":2,\"col\":1,\"visualRow\":2,\"visualCol\":1,\"prop\":1,\"jtcellstyle\":{\"font-weight\":\"bold\"}},{\"row\":2,\"col\":2,\"visualRow\":2,\"visualCol\":2,\"prop\":2},{\"row\":2,\"col\":3,\"visualRow\":2,\"visualCol\":3,\"prop\":3},{\"row\":3,\"col\":0,\"visualRow\":3,\"visualCol\":0,\"prop\":0,\"jtcellstyle\":{\"font-weight\":\"bold\",\"background\":\"#efefef\"}},{\"row\":3,\"col\":1,\"visualRow\":3,\"visualCol\":1,\"prop\":1,\"jtcellstyle\":{\"font-weight\":\"bold\",\"background\":\"#efefef\"}},{\"row\":3,\"col\":2,\"visualRow\":3,\"visualCol\":2,\"prop\":2,\"jtcellstyle\":{\"background\":\"#efefef\"}},{\"row\":3,\"col\":3,\"visualRow\":3,\"visualCol\":3,\"prop\":3,\"jtcellstyle\":{\"background\":\"#efefef\"}},{\"row\":4,\"col\":0,\"visualRow\":4,\"visualCol\":0,\"prop\":0,\"jtcellstyle\":{\"font-weight\":\"bold\"}},{\"row\":4,\"col\":1,\"visualRow\":4,\"visualCol\":1,\"prop\":1,\"jtcellstyle\":{\"font-weight\":\"bold\"}},{\"row\":4,\"col\":2,\"visualRow\":4,\"visualCol\":2,\"prop\":2},{\"row\":4,\"col\":3,\"visualRow\":4,\"visualCol\":3,\"prop\":3},{\"row\":5,\"col\":0,\"visualRow\":5,\"visualCol\":0,\"prop\":0,\"jtcellstyle\":{\"font-weight\":\"bold\",\"background\":\"#efefef\"}},{\"row\":5,\"col\":1,\"visualRow\":5,\"visualCol\":1,\"prop\":1,\"jtcellstyle\":{\"font-weight\":\"bold\",\"background\":\"#efefef\"}},{\"row\":5,\"col\":2,\"visualRow\":5,\"visualCol\":2,\"prop\":2,\"jtcellstyle\":{\"background\":\"#efefef\"}},{\"row\":5,\"col\":3,\"visualRow\":5,\"visualCol\":3,\"prop\":3,\"jtcellstyle\":{\"background\":\"#efefef\"}},{\"row\":6,\"col\":0,\"visualRow\":6,\"visualCol\":0,\"prop\":0,\"jtcellstyle\":{\"font-weight\":\"bold\"}},{\"row\":6,\"col\":1,\"visualRow\":6,\"visualCol\":1,\"prop\":1,\"jtcellstyle\":{\"font-weight\":\"bold\"}},{\"row\":6,\"col\":2,\"visualRow\":6,\"visualCol\":2,\"prop\":2},{\"row\":6,\"col\":3,\"visualRow\":6,\"visualCol\":3,\"prop\":3},{\"row\":7,\"col\":0,\"visualRow\":7,\"visualCol\":0,\"prop\":0,\"jtcellstyle\":{\"font-weight\":\"bold\",\"background\":\"#efefef\"}},{\"row\":7,\"col\":1,\"visualRow\":7,\"visualCol\":1,\"prop\":1,\"jtcellstyle\":{\"font-weight\":\"bold\",\"background\":\"#efefef\"}},{\"row\":7,\"col\":2,\"visualRow\":7,\"visualCol\":2,\"prop\":2,\"jtcellstyle\":{\"background\":\"#efefef\"}},{\"row\":7,\"col\":3,\"visualRow\":7,\"visualCol\":3,\"prop\":3,\"jtcellstyle\":{\"background\":\"#efefef\"}},{\"row\":8,\"col\":0,\"visualRow\":8,\"visualCol\":0,\"prop\":0,\"jtcellstyle\":{\"font-weight\":\"bold\"}},{\"row\":8,\"col\":1,\"visualRow\":8,\"visualCol\":1,\"prop\":1,\"jtcellstyle\":{\"font-weight\":\"bold\"}},{\"row\":8,\"col\":2,\"visualRow\":8,\"visualCol\":2,\"prop\":2},{\"row\":8,\"col\":3,\"visualRow\":8,\"visualCol\":3,\"prop\":3},{\"row\":9,\"col\":0,\"visualRow\":9,\"visualCol\":0,\"prop\":0,\"jtcellstyle\":{\"font-weight\":\"bold\",\"background\":\"#efefef\"}},{\"row\":9,\"col\":1,\"visualRow\":9,\"visualCol\":1,\"prop\":1,\"jtcellstyle\":{\"font-weight\":\"bold\",\"background\":\"#efefef\"}},{\"row\":9,\"col\":2,\"visualRow\":9,\"visualCol\":2,\"prop\":2,\"jtcellstyle\":{\"background\":\"#efefef\"}},{\"row\":9,\"col\":3,\"visualRow\":9,\"visualCol\":3,\"prop\":3,\"jtcellstyle\":{\"background\":\"#efefef\"}},{\"row\":10,\"col\":0,\"visualRow\":10,\"visualCol\":0,\"prop\":0,\"jtcellstyle\":{\"font-weight\":\"bold\"}},{\"row\":10,\"col\":1,\"visualRow\":10,\"visualCol\":1,\"prop\":1,\"jtcellstyle\":{\"font-weight\":\"bold\"}},{\"row\":10,\"col\":2,\"visualRow\":10,\"visualCol\":2,\"prop\":2},{\"row\":10,\"col\":3,\"visualRow\":10,\"visualCol\":3,\"prop\":3},{\"row\":11,\"col\":0,\"visualRow\":11,\"visualCol\":0,\"prop\":0,\"jtcellstyle\":{\"font-weight\":\"bold\",\"background\":\"#efefef\"}},{\"row\":11,\"col\":1,\"visualRow\":11,\"visualCol\":1,\"prop\":1,\"jtcellstyle\":{\"font-weight\":\"bold\",\"background\":\"#efefef\"}},{\"row\":11,\"col\":2,\"visualRow\":11,\"visualCol\":2,\"prop\":2,\"jtcellstyle\":{\"background\":\"#efefef\"}},{\"row\":11,\"col\":3,\"visualRow\":11,\"visualCol\":3,\"prop\":3,\"jtcellstyle\":{\"background\":\"#efefef\"}},{\"row\":12,\"col\":0,\"visualRow\":12,\"visualCol\":0,\"prop\":0,\"jtcellstyle\":{\"font-weight\":\"bold\"}},{\"row\":12,\"col\":1,\"visualRow\":12,\"visualCol\":1,\"prop\":1,\"jtcellstyle\":{\"font-weight\":\"bold\"}},{\"row\":12,\"col\":2,\"visualRow\":12,\"visualCol\":2,\"prop\":2},{\"row\":12,\"col\":3,\"visualRow\":12,\"visualCol\":3,\"prop\":3},{\"row\":13,\"col\":0,\"visualRow\":13,\"visualCol\":0,\"prop\":0,\"jtcellstyle\":{\"font-weight\":\"bold\",\"background\":\"#efefef\"}},{\"row\":13,\"col\":1,\"visualRow\":13,\"visualCol\":1,\"prop\":1,\"jtcellstyle\":{\"font-weight\":\"bold\",\"background\":\"#efefef\"}},{\"row\":13,\"col\":2,\"visualRow\":13,\"visualCol\":2,\"prop\":2,\"jtcellstyle\":{\"background\":\"#efefef\"}},{\"row\":13,\"col\":3,\"visualRow\":13,\"visualCol\":3,\"prop\":3,\"jtcellstyle\":{\"background\":\"#efefef\"}}],[],[]]<\/textarea><textarea data-jtrt-table-id='1849' id='jtrt_table_bps_1849' cols='30' rows='10'>[]<\/textarea><\/div><table id='jtrt_table_1849' data-sorting='false' data-paging='false' data-paging-size='10' data-paging-menu='10,20,50,100' data-filtering='false' data-jtrt-table-id='1849' class='jtrt-table  ' ><thead><tr><th>Pied lin\u00e9aire<\/th><th>Pied cube<\/th><th>23-mars<\/th><th>1-avr.<\/th><\/tr><\/thead><tbody><tr><td>De 0 \u00e0 15'<\/td><td>De 0 \u00e0 1024<\/td><td>33,0<\/td><td>38,0<\/td><\/tr><tr><td>16'<\/td><td>1024+<\/td><td>36,3<\/td><td>41,1<\/td><\/tr><tr><td>18'<\/td><td>1152+<\/td><td>39,5<\/td><td>44,2<\/td><\/tr><tr><td>20'<\/td><td>1280+<\/td><td>42,8<\/td><td>47,3<\/td><\/tr><tr><td>22'<\/td><td>1408+<\/td><td>46,0<\/td><td>50,3<\/td><\/tr><tr><td>24'<\/td><td>1536+<\/td><td>49,3<\/td><td>53,4<\/td><\/tr><tr><td>26'<\/td><td>1664+<\/td><td>52,5<\/td><td>56,5<\/td><\/tr><tr><td>28'<\/td><td>1792+<\/td><td>55,8<\/td><td>59,6<\/td><\/tr><tr><td>30'<\/td><td>1920+<\/td><td>59,0<\/td><td>62,7<\/td><\/tr><tr><td>32'<\/td><td>2048+<\/td><td>62,3<\/td><td>65,8<\/td><\/tr><tr><td>34'<\/td><td>2176+<\/td><td>65,5<\/td><td>68,8<\/td><\/tr><tr><td>36'<\/td><td>2304+<\/td><td>68,8<\/td><td>71,9<\/td><\/tr><tr><td>38' \u00e0 TL<\/td><td>2432+<\/td><td>72,0<\/td><td>75,0<\/td><\/tr><\/tbody><\/table><\/div><\/div>[\/vc_column_text][\/vc_column][\/vc_row][vc_row type= &raquo;in_container &raquo; bg_parallax= &raquo; &raquo; color_overlay= &raquo; &raquo; vu_equal_height_columns= &raquo; &raquo; row_id= &raquo; &raquo; el_class= &raquo; &raquo;][vc_column vu_vertical_align= &raquo;top &raquo; css= &raquo;.vc_custom_1536591052701{border-top-width: 0px !important;border-bottom-width: 10px !important;} &raquo;][vc_separator css= &raquo;.vc_custom_1536591021304{padding-top: 0px !important;} &raquo;][\/vc_column][\/vc_row][vc_row type= &raquo;in_container &raquo; bg_parallax= &raquo; &raquo; color_overlay= &raquo; &raquo; vu_equal_height_columns= &raquo; &raquo; row_id= &raquo; &raquo; el_class= &raquo; &raquo;][vc_column vu_vertical_align= &raquo;top &raquo;][vc_column_text]*** U<span lang=\"FR-CA\">ne surcharge de carburant additionnel de 18% sera appliqu\u00e9e sur toute exp\u00e9ditions \u00e0 Terre-Neuve \u00e0 compter du 1<\/span><sup><span lang=\"FR-CA\">er<\/span><\/sup><span class=\"apple-converted-space\"><span lang=\"FR-CA\"> avril<\/span><\/span><span lang=\"FR-CA\">\u00a02026.<\/span><\/p>\n<p>Les taux standard pour les LTL s&rsquo;appliquent jusqu&rsquo;a 16 pieds lin\u00e9aires. \u00c0 partir de 16 pieds lin\u00e9aires, un taux graduel bas\u00e9 sur les TL est appliqu\u00e9 et change tous les 2 pieds lin\u00e9aires jusqu&rsquo;\u00e0 ce que le taux des TL s&rsquo;applique aux chargements de 38 pieds lin\u00e9aires.<\/p>\n<p>Nous mettons nos taux \u00e0 jour le premier de chaque mois. Veuillez les consulter r\u00e9guli\u00e8rement, car notre politique est sujette \u00e0 changement en fonction des fluctuations des co\u00fbts du carburant.[\/vc_column_text][\/vc_column][\/vc_row]<\/p>\n","protected":false},"excerpt":{"rendered":"<p>[vc_row type= &raquo;in_container &raquo; bg_parallax= &raquo; &raquo; color_overlay= &raquo; &raquo; vu_equal_height_columns= &raquo; &raquo; row_id= &raquo; &raquo; el_class= &raquo; &raquo;][vc_column vu_vertical_align= &raquo;top &raquo;][vc_column_text]Nous avons adopt\u00e9 une politique de surcharge de carburant bas\u00e9e sur les donn\u00e9es publi\u00e9es par la FCA et le NATC. Cependant, nos taux varient l\u00e9g\u00e8rement afin de refl\u00e9ter les activit\u00e9s au sein de tous [&hellip;]<\/p>\n","protected":false},"author":3,"featured_media":0,"parent":0,"menu_order":0,"comment_status":"closed","ping_status":"closed","template":"","meta":{"content-type":"","footnotes":""},"_links":{"self":[{"href":"https:\/\/www.westernlogistics.com\/fr\/wp-json\/wp\/v2\/pages\/1758"}],"collection":[{"href":"https:\/\/www.westernlogistics.com\/fr\/wp-json\/wp\/v2\/pages"}],"about":[{"href":"https:\/\/www.westernlogistics.com\/fr\/wp-json\/wp\/v2\/types\/page"}],"author":[{"embeddable":true,"href":"https:\/\/www.westernlogistics.com\/fr\/wp-json\/wp\/v2\/users\/3"}],"replies":[{"embeddable":true,"href":"https:\/\/www.westernlogistics.com\/fr\/wp-json\/wp\/v2\/comments?post=1758"}],"version-history":[{"count":14,"href":"https:\/\/www.westernlogistics.com\/fr\/wp-json\/wp\/v2\/pages\/1758\/revisions"}],"predecessor-version":[{"id":2627,"href":"https:\/\/www.westernlogistics.com\/fr\/wp-json\/wp\/v2\/pages\/1758\/revisions\/2627"}],"wp:attachment":[{"href":"https:\/\/www.westernlogistics.com\/fr\/wp-json\/wp\/v2\/media?parent=1758"}],"curies":[{"name":"wp","href":"https:\/\/api.w.org\/{rel}","templated":true}]}}