{"id":1764,"date":"2018-12-02T19:14:14","date_gmt":"2018-12-02T19:14:14","guid":{"rendered":"https:\/\/www.westernlogistics.com\/services\/"},"modified":"2021-01-08T17:50:07","modified_gmt":"2021-01-08T17:50:07","slug":"services","status":"publish","type":"page","link":"https:\/\/www.westernlogistics.com\/fr\/services\/","title":{"rendered":"Services"},"content":{"rendered":"<p>[vc_row type= &raquo;in_container &raquo; bg_parallax= &raquo; &raquo; color_overlay= &raquo; &raquo; vu_equal_height_columns= &raquo; &raquo; row_id= &raquo; &raquo; el_class= &raquo; &raquo;][vc_column vu_vertical_align= &raquo;middle &raquo;]\t\t<header class=\"vu_heading vu_h-alignment-left m-t-0\">\r\n\t\t\t<h2 class=\"vu_h-heading m-b-0\">Services<\/h2>\r\n\r\n\t\t\t\t\t<\/header>\r\n\t[vc_column_text]<\/p>\n<h3 class=\"p1\"><span class=\"s1\">Nous mettons l\u2019accent sur un cr\u00e9neau de transport sp\u00e9cialis\u00e9. Cela nous permet d\u2019obtenir des r\u00e9sultats et d\u2019\u00e9tablir une relation plus \u00e9troite avec nos clients, ce qui ne peut se r\u00e9aliser dans le cadre d\u2019op\u00e9rations de transport de marchandises g\u00e9n\u00e9rales.<\/span><\/h3>\n<p>Western Logistics vise \u00e0 \u00e9liminer les probl\u00e8mes de transports auxquels l\u2019industrie du mobilier de bureau fait face et \u00e0 s\u2019engager sur le long terme \u00e0 offrir aux fabricants et aux revendeurs des services adapt\u00e9s et efficaces pour un transport de marchandises intactes tout en portant attention \u00e0 la communication. Ces derniers comportent des sites de livraison performants, des options d\u2019entreposage, des services de distribution et des services r\u00e9gionaux.<\/p>\n<p>Si tout semble facile pour le client, c\u2019est que nous faisons un bon travail. C\u2019est ainsi que nous nous mesurons et que nos clients nous appr\u00e9cient.<\/p>\n<p>&nbsp;<\/p>\n<h5 class=\"p1\"><span class=\"s1\">Pour obtenir de plus amples renseignements, veuillez communiquer avec <a href=\"&#x6d;a&#x69;l&#x74;&#111;&#x3a;&#99;u&#x73;t&#x6f;&#109;&#x65;&#114;&#x73;&#101;r&#x76;i&#x63;&#101;&#x40;&#119;&#x65;&#x73;t&#x65;r&#x6e;&#108;&#x6f;&#103;i&#x73;t&#x69;&#99;&#x73;&#46;&#x63;&#111;m\">le service \u00e0 la client\u00e8le<\/a> ou pr\u00e9sentez une <a href=\"&#x6d;&#x61;&#x69;&#x6c;&#x74;&#x6f;&#x3a;&#x72;&#x61;&#x74;&#x65;&#115;&#64;&#119;&#101;&#115;&#116;&#101;rnlogi&#x73;&#x74;&#x69;&#x63;&#x73;&#x2e;&#x63;&#x6f;&#x6d;\">demande de taux<\/a>.<\/span><\/h5>\n<p>[\/vc_column_text][\/vc_column][\/vc_row][vc_row type= &raquo;in_container &raquo; bg_parallax= &raquo; &raquo; color_overlay= &raquo; &raquo; vu_equal_height_columns= &raquo; &raquo; row_id= &raquo; &raquo; el_class= &raquo; &raquo;][vc_column vu_vertical_align= &raquo;middle &raquo; width= &raquo;1\/3&Prime;]\t\t<div class=\"vu_image-box clearfix\">\r\n\t\t\t<div class=\"vu_ib-image\">\r\n\t\t\t\t<img width=\"800\" height=\"400\" src=\"https:\/\/www.westernlogistics.com\/wp-content\/uploads\/2018\/03\/truck-driver-800x600-800x400.jpg\" class=\"attachment-transpress_ratio-2:1 size-transpress_ratio-2:1\" alt=\"\" decoding=\"async\" loading=\"lazy\" \/>\t\t\t<\/div>\r\n\r\n\t\t\t<div class=\"vu_ib-content\">\r\n\t\t\t\t<h4 class=\"vu_ib-title\">\r\n\t\t\t\t\tTransport\t\t\t\t<\/h4>\r\n\r\n\t\t\t\t<div class=\"vu_ib-description\"><p>Nous fournissons des services de transport pour des exp\u00e9ditions de toutes tailles, des chargements partiels (LTL) et complets (TL), sur une zone tr\u00e8s \u00e9tendue.<\/p>\n<\/div>\r\n\t\t\t\t\t\t\t<\/div>\r\n\t\t<\/div>\r\n\t[\/vc_column][vc_column vu_vertical_align= &raquo;middle &raquo; width= &raquo;1\/3&Prime;]\t\t<div class=\"vu_image-box clearfix\">\r\n\t\t\t<div class=\"vu_ib-image\">\r\n\t\t\t\t<img width=\"800\" height=\"400\" src=\"https:\/\/www.westernlogistics.com\/wp-content\/uploads\/2018\/04\/services-intermodal-800x400-800x400.jpg\" class=\"attachment-transpress_ratio-2:1 size-transpress_ratio-2:1\" alt=\"\" decoding=\"async\" loading=\"lazy\" srcset=\"https:\/\/www.westernlogistics.com\/wp-content\/uploads\/2018\/04\/services-intermodal-800x400-800x400.jpg 800w, https:\/\/www.westernlogistics.com\/wp-content\/uploads\/2018\/04\/services-intermodal-800x400-800x400-300x150.jpg 300w, https:\/\/www.westernlogistics.com\/wp-content\/uploads\/2018\/04\/services-intermodal-800x400-800x400-768x384.jpg 768w\" sizes=\"(max-width: 800px) 100vw, 800px\" \/>\t\t\t<\/div>\r\n\r\n\t\t\t<div class=\"vu_ib-content\">\r\n\t\t\t\t<h4 class=\"vu_ib-title\">\r\n\t\t\t\t\tLogistique\t\t\t\t<\/h4>\r\n\r\n\t\t\t\t<div class=\"vu_ib-description\"><p>Les projets sont notre sp\u00e9cialit\u00e9. De petite ou grande envergure, nous aimons relever le d\u00e9fi de trouver des solutions pour rassembler les produits au bon moment et au bon endroit.<\/p>\n<\/div>\r\n\t\t\t\t\t\t\t<\/div>\r\n\t\t<\/div>\r\n\t[\/vc_column][vc_column vu_vertical_align= &raquo;middle &raquo; width= &raquo;1\/3&Prime;]\t\t<div class=\"vu_image-box clearfix\">\r\n\t\t\t<div class=\"vu_ib-image\">\r\n\t\t\t\t<img width=\"800\" height=\"400\" src=\"https:\/\/www.westernlogistics.com\/wp-content\/uploads\/2018\/04\/services-white-glove2-800x400.jpg\" class=\"attachment-transpress_ratio-2:1 size-transpress_ratio-2:1\" alt=\"\" decoding=\"async\" loading=\"lazy\" \/>\t\t\t<\/div>\r\n\r\n\t\t\t<div class=\"vu_ib-content\">\r\n\t\t\t\t<h4 class=\"vu_ib-title\">\r\n\t\t\t\t\tService Gants blancs de Western\t\t\t\t<\/h4>\r\n\r\n\t\t\t\t<div class=\"vu_ib-description\"><p>Dans les grandes agglom\u00e9rations, gr\u00e2ce \u00e0 notre r\u00e9seau et \u00e0 nos relations avec des partenaires de confiance, nous pouvons vous aider avec les livraisons qui demandent un service \u00ab Gants blancs \u00bb. Contactez notre service des taux et indiquez vos besoins afin d\u2019obtenir les tarifs.<\/p>\n<\/div>\r\n\t\t\t\t\t\t\t<\/div>\r\n\t\t<\/div>\r\n\t[\/vc_column][\/vc_row][vc_row type= &raquo;in_container &raquo; bg_parallax= &raquo; &raquo; color_overlay= &raquo; &raquo; vu_equal_height_columns= &raquo; &raquo; row_id= &raquo; &raquo; el_class= &raquo; &raquo;][vc_column vu_vertical_align= &raquo;middle &raquo; width= &raquo;1\/3&Prime;]\t\t<div class=\"vu_image-box clearfix\">\r\n\t\t\t<div class=\"vu_ib-image\">\r\n\t\t\t\t<img width=\"800\" height=\"400\" src=\"https:\/\/www.westernlogistics.com\/wp-content\/uploads\/2018\/05\/to-wli.jpg\" class=\"attachment-transpress_ratio-2:1 size-transpress_ratio-2:1\" alt=\"\" decoding=\"async\" loading=\"lazy\" srcset=\"https:\/\/www.westernlogistics.com\/wp-content\/uploads\/2018\/05\/to-wli.jpg 800w, https:\/\/www.westernlogistics.com\/wp-content\/uploads\/2018\/05\/to-wli-300x150.jpg 300w, https:\/\/www.westernlogistics.com\/wp-content\/uploads\/2018\/05\/to-wli-768x384.jpg 768w\" sizes=\"(max-width: 800px) 100vw, 800px\" \/>\t\t\t<\/div>\r\n\r\n\t\t\t<div class=\"vu_ib-content\">\r\n\t\t\t\t<h4 class=\"vu_ib-title\">\r\n\t\t\t\t\tEntreposage\t\t\t\t<\/h4>\r\n\r\n\t\t\t\t<div class=\"vu_ib-description\"><p>Tous nos terminaux proposent des services d\u2019entreposage \u00e0 court terme et \u00e0 long terme pour parer aux d\u00e9lais qui peuvent survenir. Si votre chargement est pr\u00eat plus t\u00f4t que pr\u00e9vu ou si vous avez besoin de plus de temps pour vous organiser, nous pouvons vous aider.<\/p>\n<\/div>\r\n\t\t\t\t\t\t\t<\/div>\r\n\t\t<\/div>\r\n\t[\/vc_column][vc_column vu_vertical_align= &raquo;middle &raquo; width= &raquo;1\/3&Prime;]\t\t<div class=\"vu_image-box clearfix\">\r\n\t\t\t<div class=\"vu_ib-image\">\r\n\t\t\t\t<img width=\"800\" height=\"400\" src=\"https:\/\/www.westernlogistics.com\/wp-content\/uploads\/2018\/03\/truck-terminal-header2-800x400.jpg\" class=\"attachment-transpress_ratio-2:1 size-transpress_ratio-2:1\" alt=\"\" decoding=\"async\" loading=\"lazy\" \/>\t\t\t<\/div>\r\n\r\n\t\t\t<div class=\"vu_ib-content\">\r\n\t\t\t\t<h4 class=\"vu_ib-title\">\r\n\t\t\t\t\tOrganisation\t\t\t\t<\/h4>\r\n\r\n\t\t\t\t<div class=\"vu_ib-description\"><p>Vous apporter notre aide pour vos projets de gestion est une de nos sp\u00e9cialit\u00e9s. Nous pouvons rassembler des produits provenant de diverses sources pour une livraison cibl\u00e9e et en temps opportun.<\/p>\n<\/div>\r\n\t\t\t\t\t\t\t<\/div>\r\n\t\t<\/div>\r\n\t[\/vc_column][vc_column vu_vertical_align= &raquo;middle &raquo; width= &raquo;1\/3&Prime;]\t\t<div class=\"vu_image-box clearfix\">\r\n\t\t\t<div class=\"vu_ib-image\">\r\n\t\t\t\t<img width=\"800\" height=\"400\" src=\"https:\/\/www.westernlogistics.com\/wp-content\/uploads\/2018\/04\/stock-800x400.jpg\" class=\"attachment-transpress_ratio-2:1 size-transpress_ratio-2:1\" alt=\"\" decoding=\"async\" loading=\"lazy\" \/>\t\t\t<\/div>\r\n\r\n\t\t\t<div class=\"vu_ib-content\">\r\n\t\t\t\t<h4 class=\"vu_ib-title\">\r\n\t\t\t\t\tProgrammes de stockage\t\t\t\t<\/h4>\r\n\r\n\t\t\t\t<div class=\"vu_ib-description\"><p>Dans certains grands centres, nous offrons des programmes de stockage sur mesure pour r\u00e9pondre aux besoins particuliers des fabricants.<\/p>\n<\/div>\r\n\t\t\t\t\t\t\t<\/div>\r\n\t\t<\/div>\r\n\t[\/vc_column][\/vc_row][vc_row type= &raquo;in_container &raquo; bg_parallax= &raquo; &raquo; color_overlay= &raquo; &raquo; vu_equal_height_columns= &raquo; &raquo; row_id= &raquo; &raquo; el_class= &raquo; &raquo;][vc_column vu_vertical_align= &raquo;middle &raquo; width= &raquo;1\/3&Prime;]\t\t<div class=\"vu_image-box clearfix\">\r\n\t\t\t<div class=\"vu_ib-image\">\r\n\t\t\t\t<img width=\"800\" height=\"400\" src=\"https:\/\/www.westernlogistics.com\/wp-content\/uploads\/2018\/04\/site-delivery-800x400.jpg\" class=\"attachment-transpress_ratio-2:1 size-transpress_ratio-2:1\" alt=\"\" decoding=\"async\" loading=\"lazy\" \/>\t\t\t<\/div>\r\n\r\n\t\t\t<div class=\"vu_ib-content\">\r\n\t\t\t\t<h4 class=\"vu_ib-title\">\r\n\t\t\t\t\tLivraison sur place\t\t\t\t<\/h4>\r\n\r\n\t\t\t\t<div class=\"vu_ib-description\"><p>Nous nous sp\u00e9cialisons dans les exp\u00e9ditions en temps opportun, quelle que soit leur taille.<\/p>\n<\/div>\r\n\t\t\t\t\t\t\t<\/div>\r\n\t\t<\/div>\r\n\t[\/vc_column][vc_column vu_vertical_align= &raquo;middle &raquo; width= &raquo;1\/3&Prime;]\t\t<div class=\"vu_image-box clearfix\">\r\n\t\t\t<div class=\"vu_ib-image\">\r\n\t\t\t\t<img width=\"800\" height=\"400\" src=\"https:\/\/www.westernlogistics.com\/wp-content\/uploads\/2018\/04\/services-specialtyFreight-800x400.jpg\" class=\"attachment-transpress_ratio-2:1 size-transpress_ratio-2:1\" alt=\"\" decoding=\"async\" loading=\"lazy\" srcset=\"https:\/\/www.westernlogistics.com\/wp-content\/uploads\/2018\/04\/services-specialtyFreight-800x400.jpg 800w, https:\/\/www.westernlogistics.com\/wp-content\/uploads\/2018\/04\/services-specialtyFreight-800x400-300x150.jpg 300w, https:\/\/www.westernlogistics.com\/wp-content\/uploads\/2018\/04\/services-specialtyFreight-800x400-768x384.jpg 768w\" sizes=\"(max-width: 800px) 100vw, 800px\" \/>\t\t\t<\/div>\r\n\r\n\t\t\t<div class=\"vu_ib-content\">\r\n\t\t\t\t<h4 class=\"vu_ib-title\">\r\n\t\t\t\t\tTransport de quai \u00e0 quai et transbordement\t\t\t\t<\/h4>\r\n\r\n\t\t\t\t<div class=\"vu_ib-description\"><p>Nous poss\u00e9dons des installations sous contr\u00f4le douanier \u00e0 Halifax, Montreal et \u00e0 Vancouver. Ce service int\u00e9gr\u00e9 nous permet de planifier le factage gr\u00e2ce \u00e0 nos partenaires de confiance et d\u2019effectuer la distribution depuis ces ports dans l\u2019ensemble du pays.<\/p>\n<\/div>\r\n\t\t\t\t\t\t\t<\/div>\r\n\t\t<\/div>\r\n\t[\/vc_column][\/vc_row]<\/p>\n","protected":false},"excerpt":{"rendered":"<p>[vc_row type= &raquo;in_container &raquo; bg_parallax= &raquo; &raquo; color_overlay= &raquo; &raquo; vu_equal_height_columns= &raquo; &raquo; row_id= &raquo; &raquo; el_class= &raquo; &raquo;][vc_column vu_vertical_align= &raquo;middle &raquo;][vc_column_text] Nous mettons l\u2019accent sur un cr\u00e9neau de transport sp\u00e9cialis\u00e9. Cela nous permet d\u2019obtenir des r\u00e9sultats et d\u2019\u00e9tablir une relation plus \u00e9troite avec nos clients, ce qui ne peut se r\u00e9aliser dans le cadre [&hellip;]<\/p>\n","protected":false},"author":1,"featured_media":0,"parent":0,"menu_order":0,"comment_status":"closed","ping_status":"closed","template":"","meta":{"content-type":"","footnotes":""},"_links":{"self":[{"href":"https:\/\/www.westernlogistics.com\/fr\/wp-json\/wp\/v2\/pages\/1764"}],"collection":[{"href":"https:\/\/www.westernlogistics.com\/fr\/wp-json\/wp\/v2\/pages"}],"about":[{"href":"https:\/\/www.westernlogistics.com\/fr\/wp-json\/wp\/v2\/types\/page"}],"author":[{"embeddable":true,"href":"https:\/\/www.westernlogistics.com\/fr\/wp-json\/wp\/v2\/users\/1"}],"replies":[{"embeddable":true,"href":"https:\/\/www.westernlogistics.com\/fr\/wp-json\/wp\/v2\/comments?post=1764"}],"version-history":[{"count":9,"href":"https:\/\/www.westernlogistics.com\/fr\/wp-json\/wp\/v2\/pages\/1764\/revisions"}],"predecessor-version":[{"id":2169,"href":"https:\/\/www.westernlogistics.com\/fr\/wp-json\/wp\/v2\/pages\/1764\/revisions\/2169"}],"wp:attachment":[{"href":"https:\/\/www.westernlogistics.com\/fr\/wp-json\/wp\/v2\/media?parent=1764"}],"curies":[{"name":"wp","href":"https:\/\/api.w.org\/{rel}","templated":true}]}}