{"id":1768,"date":"2018-12-02T19:17:48","date_gmt":"2018-12-02T19:17:48","guid":{"rendered":"https:\/\/www.westernlogistics.com\/zones-tarifaires\/"},"modified":"2019-01-15T04:24:13","modified_gmt":"2019-01-15T04:24:13","slug":"zones-tarifaires","status":"publish","type":"page","link":"https:\/\/www.westernlogistics.com\/fr\/zones-tarifaires\/","title":{"rendered":"Zones tarifaires"},"content":{"rendered":"<p>[vc_row type= &raquo;in_container &raquo; bg_parallax= &raquo; &raquo; color_overlay= &raquo; &raquo; vu_equal_height_columns= &raquo; &raquo; row_id= &raquo; &raquo; el_class= &raquo; &raquo;][vc_column vu_vertical_align= &raquo;top &raquo;][vc_column_text]Nous avons d\u00e9termin\u00e9 des zones standard pour pr\u00e8s de 450 villes et centres urbain au Canada et dans le Michigan aux \u00c9tats-Unis.<\/p>\n<p><a href=\"http:\/\/www.westernlogistics.com\/wp-content\/uploads\/2018\/05\/tariffs-cities-zones.pdf\"><strong>T\u00e9l\u00e9charger le PDF<\/strong><\/a>[\/vc_column_text][\/vc_column][\/vc_row]<\/p>\n","protected":false},"excerpt":{"rendered":"<p>[vc_row type= &raquo;in_container &raquo; bg_parallax= &raquo; &raquo; color_overlay= &raquo; &raquo; vu_equal_height_columns= &raquo; &raquo; row_id= &raquo; &raquo; el_class= &raquo; &raquo;][vc_column vu_vertical_align= &raquo;top &raquo;][vc_column_text]Nous avons d\u00e9termin\u00e9 des zones standard pour pr\u00e8s de 450 villes et centres urbain au Canada et dans le Michigan aux \u00c9tats-Unis. T\u00e9l\u00e9charger le PDF[\/vc_column_text][\/vc_column][\/vc_row]<\/p>\n","protected":false},"author":3,"featured_media":0,"parent":0,"menu_order":0,"comment_status":"closed","ping_status":"closed","template":"","meta":{"content-type":"","footnotes":""},"_links":{"self":[{"href":"https:\/\/www.westernlogistics.com\/fr\/wp-json\/wp\/v2\/pages\/1768"}],"collection":[{"href":"https:\/\/www.westernlogistics.com\/fr\/wp-json\/wp\/v2\/pages"}],"about":[{"href":"https:\/\/www.westernlogistics.com\/fr\/wp-json\/wp\/v2\/types\/page"}],"author":[{"embeddable":true,"href":"https:\/\/www.westernlogistics.com\/fr\/wp-json\/wp\/v2\/users\/3"}],"replies":[{"embeddable":true,"href":"https:\/\/www.westernlogistics.com\/fr\/wp-json\/wp\/v2\/comments?post=1768"}],"version-history":[{"count":4,"href":"https:\/\/www.westernlogistics.com\/fr\/wp-json\/wp\/v2\/pages\/1768\/revisions"}],"predecessor-version":[{"id":1974,"href":"https:\/\/www.westernlogistics.com\/fr\/wp-json\/wp\/v2\/pages\/1768\/revisions\/1974"}],"wp:attachment":[{"href":"https:\/\/www.westernlogistics.com\/fr\/wp-json\/wp\/v2\/media?parent=1768"}],"curies":[{"name":"wp","href":"https:\/\/api.w.org\/{rel}","templated":true}]}}