{"id":1770,"date":"2018-12-02T19:19:09","date_gmt":"2018-12-02T19:19:09","guid":{"rendered":"https:\/\/www.westernlogistics.com\/outils-et-documentation\/"},"modified":"2019-01-15T03:27:24","modified_gmt":"2019-01-15T03:27:24","slug":"outils-et-documentation","status":"publish","type":"page","link":"https:\/\/www.westernlogistics.com\/fr\/outils-et-documentation\/","title":{"rendered":"Outils et documentation"},"content":{"rendered":"<p>[vc_row type= &raquo;in_container &raquo; bg_parallax= &raquo; &raquo; color_overlay= &raquo; &raquo; vu_equal_height_columns= &raquo; &raquo; row_id= &raquo; &raquo; el_class= &raquo; &raquo;][vc_column vu_vertical_align= &raquo;top &raquo;][vc_column_text]Nos outils vous permettent de <a href=\"https:\/\/www.westernlogistics.com\/fr\/zones-tarifaires\/\"><strong>t\u00e9l\u00e9charger notre liste des zones tarifaires<\/strong><\/a> ainsi que les <a href=\"https:\/\/www.westernlogistics.com\/fr\/formulaires\/\"><strong>formulaires<\/strong><\/a> que vous pouvez imprimer, num\u00e9riser et nous envoyer par t\u00e9l\u00e9copieur afin que tout se d\u00e9roule aussi bien et aussi rapidement que possible.<\/p>\n<p>Vous y trouverez \u00e9galement notre <a href=\"https:\/\/www.westernlogistics.com\/fr\/avis-de-surcharge-de-carburant\/\"><strong>avis de surcharge de carburant<\/strong><\/a> qui est mis a jour chaque mois ainsi que notre <a href=\"https:\/\/www.westernlogistics.com\/fr\/cube-calculator\/\"><strong>calculatrice de volume<\/strong><\/a> tr\u00e8s pratique pour vous aider \u00e0 calculer le volume de votre chargement[\/vc_column_text][\/vc_column][\/vc_row]<\/p>\n","protected":false},"excerpt":{"rendered":"<p>[vc_row type= &raquo;in_container &raquo; bg_parallax= &raquo; &raquo; color_overlay= &raquo; &raquo; vu_equal_height_columns= &raquo; &raquo; row_id= &raquo; &raquo; el_class= &raquo; &raquo;][vc_column vu_vertical_align= &raquo;top &raquo;][vc_column_text]Nos outils vous permettent de t\u00e9l\u00e9charger notre liste des zones tarifaires ainsi que les formulaires que vous pouvez imprimer, num\u00e9riser et nous envoyer par t\u00e9l\u00e9copieur afin que tout se d\u00e9roule aussi bien et aussi [&hellip;]<\/p>\n","protected":false},"author":3,"featured_media":0,"parent":0,"menu_order":0,"comment_status":"closed","ping_status":"closed","template":"","meta":{"content-type":"","footnotes":""},"_links":{"self":[{"href":"https:\/\/www.westernlogistics.com\/fr\/wp-json\/wp\/v2\/pages\/1770"}],"collection":[{"href":"https:\/\/www.westernlogistics.com\/fr\/wp-json\/wp\/v2\/pages"}],"about":[{"href":"https:\/\/www.westernlogistics.com\/fr\/wp-json\/wp\/v2\/types\/page"}],"author":[{"embeddable":true,"href":"https:\/\/www.westernlogistics.com\/fr\/wp-json\/wp\/v2\/users\/3"}],"replies":[{"embeddable":true,"href":"https:\/\/www.westernlogistics.com\/fr\/wp-json\/wp\/v2\/comments?post=1770"}],"version-history":[{"count":4,"href":"https:\/\/www.westernlogistics.com\/fr\/wp-json\/wp\/v2\/pages\/1770\/revisions"}],"predecessor-version":[{"id":1973,"href":"https:\/\/www.westernlogistics.com\/fr\/wp-json\/wp\/v2\/pages\/1770\/revisions\/1973"}],"wp:attachment":[{"href":"https:\/\/www.westernlogistics.com\/fr\/wp-json\/wp\/v2\/media?parent=1770"}],"curies":[{"name":"wp","href":"https:\/\/api.w.org\/{rel}","templated":true}]}}