{"id":1774,"date":"2018-12-02T19:21:15","date_gmt":"2018-12-02T19:21:15","guid":{"rendered":"https:\/\/www.westernlogistics.com\/vancouver-colombie-britannique\/"},"modified":"2025-12-08T17:19:31","modified_gmt":"2025-12-08T17:19:31","slug":"vancouver-colombie-britannique","status":"publish","type":"page","link":"https:\/\/www.westernlogistics.com\/fr\/vancouver-colombie-britannique\/","title":{"rendered":"Vancouver, Colombie-Britannique"},"content":{"rendered":"<p>[vc_row type= &raquo;in_container &raquo; bg_parallax= &raquo; &raquo; color_overlay= &raquo; &raquo; vu_equal_height_columns= &raquo; &raquo; row_id= &raquo; &raquo; el_class= &raquo; &raquo;][vc_column vu_vertical_align= &raquo;middle &raquo;]<div class=\"vu_map vu_m-fullwith m-b-35\" data-options=\"{&quot;zoom_level&quot;:&quot;10&quot;,&quot;center_lat&quot;:&quot;49.225517&quot;,&quot;center_lng&quot;:&quot;-122.845963&quot;,&quot;map_type&quot;:&quot;roadmap&quot;,&quot;tilt_45&quot;:&quot;&quot;,&quot;others_options&quot;:{&quot;draggable&quot;:&quot;1&quot;,&quot;zoomControl&quot;:&quot;1&quot;,&quot;disableDoubleClickZoom&quot;:&quot;&quot;,&quot;panControl&quot;:&quot;&quot;,&quot;fullscreenControl&quot;:&quot;1&quot;,&quot;mapTypeControl&quot;:&quot;&quot;,&quot;scaleControl&quot;:&quot;&quot;,&quot;streetViewControl&quot;:&quot;&quot;},&quot;use_marker_img&quot;:&quot;1&quot;,&quot;marker_img&quot;:&quot;https:\\\/\\\/www.westernlogistics.com\\\/wp-content\\\/uploads\\\/2016\\\/04\\\/map-marker-animate.svg&quot;,&quot;enable_animation&quot;:&quot;&quot;,&quot;locations&quot;:[{&quot;lat&quot;:&quot;49.225517&quot;,&quot;lng&quot;:&quot;-122.845963&quot;,&quot;info&quot;:&quot;Vancouver Terminal&lt;br \\\/&gt;\\n1555 Brigantine Drive,&lt;br \\\/&gt;\\nCoquitlam, BC V3K 7C2&lt;\\\/p&gt;\\n&lt;p&gt;T: 604.525.7200&lt;br \\\/&gt;\\nT\\\/F: 866.920.1313&lt;br \\\/&gt;\\nF: 604.525.7201&quot;}],&quot;styles&quot;:&quot;[{\\&quot;featureType\\&quot;:\\&quot;water\\&quot;,\\&quot;elementType\\&quot;:\\&quot;geometry\\&quot;,\\&quot;stylers\\&quot;:[{\\&quot;color\\&quot;:\\&quot;#e9e9e9\\&quot;},{\\&quot;lightness\\&quot;:17}]},{\\&quot;featureType\\&quot;:\\&quot;landscape\\&quot;,\\&quot;elementType\\&quot;:\\&quot;geometry\\&quot;,\\&quot;stylers\\&quot;:[{\\&quot;color\\&quot;:\\&quot;#f5f5f5\\&quot;},{\\&quot;lightness\\&quot;:20}]},{\\&quot;featureType\\&quot;:\\&quot;road.highway\\&quot;,\\&quot;elementType\\&quot;:\\&quot;geometry.fill\\&quot;,\\&quot;stylers\\&quot;:[{\\&quot;color\\&quot;:\\&quot;#ffffff\\&quot;},{\\&quot;lightness\\&quot;:17}]},{\\&quot;featureType\\&quot;:\\&quot;road.highway\\&quot;,\\&quot;elementType\\&quot;:\\&quot;geometry.stroke\\&quot;,\\&quot;stylers\\&quot;:[{\\&quot;color\\&quot;:\\&quot;#ffffff\\&quot;},{\\&quot;lightness\\&quot;:29},{\\&quot;weight\\&quot;:0.2}]},{\\&quot;featureType\\&quot;:\\&quot;road.arterial\\&quot;,\\&quot;elementType\\&quot;:\\&quot;geometry\\&quot;,\\&quot;stylers\\&quot;:[{\\&quot;color\\&quot;:\\&quot;#ffffff\\&quot;},{\\&quot;lightness\\&quot;:18}]},{\\&quot;featureType\\&quot;:\\&quot;road.local\\&quot;,\\&quot;elementType\\&quot;:\\&quot;geometry\\&quot;,\\&quot;stylers\\&quot;:[{\\&quot;color\\&quot;:\\&quot;#ffffff\\&quot;},{\\&quot;lightness\\&quot;:16}]},{\\&quot;featureType\\&quot;:\\&quot;poi\\&quot;,\\&quot;elementType\\&quot;:\\&quot;geometry\\&quot;,\\&quot;stylers\\&quot;:[{\\&quot;color\\&quot;:\\&quot;#f5f5f5\\&quot;},{\\&quot;lightness\\&quot;:21}]},{\\&quot;featureType\\&quot;:\\&quot;poi.park\\&quot;,\\&quot;elementType\\&quot;:\\&quot;geometry\\&quot;,\\&quot;stylers\\&quot;:[{\\&quot;color\\&quot;:\\&quot;#dedede\\&quot;},{\\&quot;lightness\\&quot;:21}]},{\\&quot;elementType\\&quot;:\\&quot;labels.text.stroke\\&quot;,\\&quot;stylers\\&quot;:[{\\&quot;visibility\\&quot;:\\&quot;on\\&quot;},{\\&quot;color\\&quot;:\\&quot;#ffffff\\&quot;},{\\&quot;lightness\\&quot;:16}]},{\\&quot;elementType\\&quot;:\\&quot;labels.text.fill\\&quot;,\\&quot;stylers\\&quot;:[{\\&quot;saturation\\&quot;:36},{\\&quot;color\\&quot;:\\&quot;#333333\\&quot;},{\\&quot;lightness\\&quot;:40}]},{\\&quot;elementType\\&quot;:\\&quot;labels.icon\\&quot;,\\&quot;stylers\\&quot;:[{\\&quot;visibility\\&quot;:\\&quot;off\\&quot;}]},{\\&quot;featureType\\&quot;:\\&quot;transit\\&quot;,\\&quot;elementType\\&quot;:\\&quot;geometry\\&quot;,\\&quot;stylers\\&quot;:[{\\&quot;color\\&quot;:\\&quot;#f2f2f2\\&quot;},{\\&quot;lightness\\&quot;:19}]},{\\&quot;featureType\\&quot;:\\&quot;administrative\\&quot;,\\&quot;elementType\\&quot;:\\&quot;geometry.fill\\&quot;,\\&quot;stylers\\&quot;:[{\\&quot;color\\&quot;:\\&quot;#fefefe\\&quot;},{\\&quot;lightness\\&quot;:20}]},{\\&quot;featureType\\&quot;:\\&quot;administrative\\&quot;,\\&quot;elementType\\&quot;:\\&quot;geometry.stroke\\&quot;,\\&quot;stylers\\&quot;:[{\\&quot;color\\&quot;:\\&quot;#fefefe\\&quot;},{\\&quot;lightness\\&quot;:17},{\\&quot;weight\\&quot;:1.2}]}]&quot;}\" style=\"height:330px;\"><\/div>[\/vc_column][\/vc_row][vc_row type= &raquo;in_container &raquo; bg_parallax= &raquo; &raquo; color_overlay= &raquo; &raquo; vu_equal_height_columns= &raquo; &raquo; row_id= &raquo; &raquo; el_class= &raquo; &raquo;][vc_column vu_vertical_align= &raquo;top &raquo;][vc_column_text]Vancouver est \u00e0 la fois le si\u00e8ge social de Western Logistics et le deuxi\u00e8me terminal en terme de taille (apr\u00e8s celui de Toronto). L\u2019entreprise y a vu le jour en 1990. C&rsquo;est sans doute le secteur d\u2019Am\u00e9rique du Nord le plus difficile \u00e0 desservir efficacement et les bureaux de l\u2019entreprise ainsi que les op\u00e9rations de terminal ont \u00e9t\u00e9 d\u00e9plac\u00e9s dans de nouvelles installations dans le secteur de Pacific Reach le 26 avril 2004.[\/vc_column_text][\/vc_column][\/vc_row][vc_row type= &raquo;in_container &raquo; bg_parallax= &raquo; &raquo; color_overlay= &raquo; &raquo; vu_equal_height_columns= &raquo; &raquo; row_id= &raquo; &raquo; el_class= &raquo; &raquo;][vc_column vu_vertical_align= &raquo;middle &raquo;]\t\t<header class=\"vu_heading vu_h-alignment-left m-t-0\">\r\n\t\t\t<h2 class=\"vu_h-heading m-b-0\">COORDONN\u00c9ES<\/h2>\r\n\r\n\t\t\t\t\t<\/header>\r\n\t[\/vc_column][\/vc_row][vc_row type= &raquo;in_container &raquo; bg_parallax= &raquo; &raquo; color_overlay= &raquo; &raquo; vu_equal_height_columns= &raquo; &raquo; row_id= &raquo; &raquo; el_class= &raquo; &raquo;][vc_column vu_vertical_align= &raquo;middle &raquo; width= &raquo;1\/2&Prime;][vc_single_image image= &raquo;1041&Prime; img_size= &raquo;400&#215;300&Prime;][\/vc_column][vc_column vu_vertical_align= &raquo;top &raquo; width= &raquo;1\/2&Prime;][vc_column_text css= &raquo;.vc_custom_1521222807764{padding-top: 30px !important;padding-right: 30px !important;padding-bottom: 30px !important;padding-left: 30px !important;background-color: #ffffff !important;} &raquo; el_class= &raquo;vu_secondary-bg-color m-b-0&Prime;]<\/p>\n<h4>Terminal de Vancouver, BC<\/h4>\n<ul class=\"vu_contact-info-list\" style=\"color: #000;\">\n<li><i class=\"fa fa-map-marker\"><\/i>\n<div>1555 Brigantine Drive, Coquitlam, BC<br \/>\nCanada V3K 7C2<\/div>\n<\/li>\n<li><i class=\"fa fa-phone\"><\/i>\n<div><strong>T\u00e9l. : <\/strong>604-525-7200 | <strong>Sans frais : <\/strong>1-866-920-1313<\/div>\n<\/li>\n<li><i class=\"fa fa-fax\"><\/i>\n<div><strong>T\u00e9l\u00e9c. :<\/strong> 604-525-7201<\/div>\n<\/li>\n<li><i class=\"fa fa-envelope\"><\/i>\n<div><a href=\"m&#97;&#x69;&#x6c;t&#111;&#x3a;&#x63;u&#115;&#x74;&#x6f;m&#101;&#x72;&#x73;e&#114;&#x76;&#x69;c&#101;&#64;&#x77;&#x65;s&#116;&#x65;&#x72;n&#108;&#x6f;&#x67;i&#115;&#x74;&#x69;c&#115;&#x2e;&#x63;o&#109;\">&#83;&#x65;&#114;&#x76;&#105;&#x63;&#101;&#x43;&#108;&#x69;&#101;&#x6e;&#116;&#x65;&#108;&#x65;&#64;&#x77;&#101;&#x73;&#116;&#x65;&#114;&#x6e;&#108;&#x6f;&#103;&#x69;&#115;&#x74;&#105;&#x63;&#115;&#x2e;&#99;&#x6f;&#109;<\/a><br \/>\n<a href=\"m&#97;&#x69;&#x6c;&#x74;o&#58;&#x72;&#x61;&#x74;e&#115;&#x40;&#x77;&#x65;s&#116;&#x65;&#x72;&#x6e;l&#111;&#x67;&#x69;&#x73;t&#105;&#x63;&#x73;&#x2e;c&#111;&#x6d;\">Taux&#64;w&#101;&#115;&#116;&#101;&#114;&#110;&#108;&#x6f;&#x67;&#x69;&#x73;&#x74;&#x69;&#x63;&#x73;&#x2e;&#x63;&#x6f;&#x6d;<\/a><\/div>\n<\/li>\n<\/ul>\n<p>&nbsp;<\/p>\n<div>\n<p>&nbsp;<\/p><\/div>\n<p>[\/vc_column_text][\/vc_column][\/vc_row][vc_row type= &raquo;in_container &raquo; bg_parallax= &raquo; &raquo; color_overlay= &raquo; &raquo; vu_equal_height_columns= &raquo; &raquo; row_id= &raquo; &raquo; el_class= &raquo; &raquo;][vc_column vu_vertical_align= &raquo;top &raquo;]\t\t<header class=\"vu_heading vu_h-alignment-left\">\r\n\t\t\t<h2 class=\"vu_h-heading m-b-0\">ENVOYEZ UN COURRIEL AUX MEMBRES DE NOTRE \u00c9QUIPE DE VANCOUVER<\/h2>\r\n\r\n\t\t\t\t\t<\/header>\r\n\t\t\t<div class=\"vu_carousel-container\">\r\n\t\t\t<div class=\"vu_carousel clearfix\" data-options=\"{&quot;singleItem&quot;:false,&quot;itemsScaleUp&quot;:false,&quot;addClassActive&quot;:true,&quot;navigationText&quot;:[&quot;&lt;i class=\\&quot;fa fa-angle-left\\&quot;&gt;&lt;\\\/i&gt;&quot;,&quot;&lt;i class=\\&quot;fa fa-angle-right\\&quot;&gt;&lt;\\\/i&gt;&quot;],&quot;autoHeight&quot;:true,&quot;items&quot;:3,&quot;itemsDesktop&quot;:[1199,3],&quot;itemsDesktopSmall&quot;:[980,1],&quot;itemsTablet&quot;:[768,2],&quot;itemsMobile&quot;:[479,1],&quot;slideSpeed&quot;:200,&quot;paginationSpeed&quot;:800,&quot;rewindSpeed&quot;:1000,&quot;autoPlay&quot;:5000,&quot;stopOnHover&quot;:true,&quot;navigation&quot;:true,&quot;rewindNav&quot;:true,&quot;scrollPerPage&quot;:false,&quot;pagination&quot;:true,&quot;paginationNumbers&quot;:true}\">\r\n\t\t\t\t\t\t<div class=\"vu_carousel-item\">\n\t\t\t\t\t<div class=\"vu_team-member\" itemscope=\"itemscope\" itemtype=\"https:\/\/schema.org\/Person\">\r\n\t\t\t\t\t\t\t<div class=\"vu_tm-image\">\r\n\t\t\t\t\t<img width=\"500\" height=\"500\" src=\"https:\/\/www.westernlogistics.com\/wp-content\/uploads\/2018\/04\/JP-bruno.jpg\" class=\"attachment-transpress_ratio-1:1 size-transpress_ratio-1:1\" alt=\"\" decoding=\"async\" itemprop=\"image\" loading=\"lazy\" srcset=\"https:\/\/www.westernlogistics.com\/wp-content\/uploads\/2018\/04\/JP-bruno.jpg 500w, https:\/\/www.westernlogistics.com\/wp-content\/uploads\/2018\/04\/JP-bruno-150x150.jpg 150w, https:\/\/www.westernlogistics.com\/wp-content\/uploads\/2018\/04\/JP-bruno-300x300.jpg 300w\" sizes=\"(max-width: 500px) 100vw, 500px\" \/>\t\t\t\t<\/div>\r\n\t\t\t\r\n\t\t\t<div class=\"vu_tm-info\">\r\n\t\t\t\t<h4 class=\"vu_tm-name\"><a href=\"ma&#105;&#108;&#116;&#111;&#x3a;&#x6a;&#x70;&#x40;&#x77;es&#116;&#101;&#114;&#110;&#x6c;&#x6f;&#x67;&#x69;&#x73;ti&#99;&#115;&#46;&#99;&#x6f;&#x6d;\" title=\"\" target=\"_self\">JP Bruno<\/a><\/h4>\t\t\t\t\r\n\t\t\t\t\t\t\t\t\t<span class=\"vu_tm-position\" itemprop=\"jobTitle\">Directeur des op\u00e9rations \u2013 Ouest canadien et \u00c9tats-Unis<\/span>\r\n\t\t\t\t\t\t\t<\/div>\r\n\t\t\t\r\n\t\t\t\r\n\t\t\t\t\t<\/div>\r\n\t\t\t<\/div>\n\t\t\t<div class=\"vu_carousel-item\">\n\t\t\t\t\t<\/div>\n\t\t\t<div class=\"vu_carousel-item\">\n\t\t\t\t\t<div class=\"vu_team-member\" itemscope=\"itemscope\" itemtype=\"https:\/\/schema.org\/Person\">\r\n\t\t\t\r\n\t\t\t<div class=\"vu_tm-info\">\r\n\t\t\t\t<h4 class=\"vu_tm-name\"><a href=\"m&#97;&#105;&#x6c;&#x74;&#x6f;&#x3a;m&#105;&#99;&#104;&#x65;&#x6c;&#x6c;e&#64;&#119;&#101;&#x73;&#x74;&#x65;rn&#108;&#111;&#x67;&#x69;&#x73;ti&#99;&#115;&#x2e;&#x63;&#x6f;m\" title=\"\" target=\"_self\">Michelle Foncette<\/a><\/h4>\t\t\t\t\r\n\t\t\t\t\t\t\t\t\t<span class=\"vu_tm-position\" itemprop=\"jobTitle\">Op\u00e9rations\/service \u00e0 la client\u00e8le<\/span>\r\n\t\t\t\t\t\t\t<\/div>\r\n\t\t\t\r\n\t\t\t\r\n\t\t\t\t\t<\/div>\r\n\t\t\t<\/div>\n\t\t\t\t<\/div>\r\n\t\t<\/div>\r\n\t[\/vc_column][\/vc_row][vc_row type= &raquo;in_container &raquo; bg_parallax= &raquo; &raquo; color_overlay= &raquo; &raquo; vu_equal_height_columns= &raquo; &raquo; row_id= &raquo; &raquo; el_class= &raquo; &raquo;][vc_column vu_vertical_align= &raquo;top &raquo;][\/vc_column][\/vc_row]<\/p>\n","protected":false},"excerpt":{"rendered":"<p>[vc_row type= &raquo;in_container &raquo; bg_parallax= &raquo; &raquo; color_overlay= &raquo; &raquo; vu_equal_height_columns= &raquo; &raquo; row_id= &raquo; &raquo; el_class= &raquo; &raquo;][vc_column vu_vertical_align= &raquo;middle &raquo;][\/vc_column][\/vc_row][vc_row type= &raquo;in_container &raquo; bg_parallax= &raquo; &raquo; color_overlay= &raquo; &raquo; vu_equal_height_columns= &raquo; &raquo; row_id= &raquo; &raquo; el_class= &raquo; &raquo;][vc_column vu_vertical_align= &raquo;top &raquo;][vc_column_text]Vancouver est \u00e0 la fois le si\u00e8ge social de Western Logistics et le [&hellip;]<\/p>\n","protected":false},"author":3,"featured_media":0,"parent":0,"menu_order":0,"comment_status":"closed","ping_status":"closed","template":"","meta":{"content-type":"","footnotes":""},"_links":{"self":[{"href":"https:\/\/www.westernlogistics.com\/fr\/wp-json\/wp\/v2\/pages\/1774"}],"collection":[{"href":"https:\/\/www.westernlogistics.com\/fr\/wp-json\/wp\/v2\/pages"}],"about":[{"href":"https:\/\/www.westernlogistics.com\/fr\/wp-json\/wp\/v2\/types\/page"}],"author":[{"embeddable":true,"href":"https:\/\/www.westernlogistics.com\/fr\/wp-json\/wp\/v2\/users\/3"}],"replies":[{"embeddable":true,"href":"https:\/\/www.westernlogistics.com\/fr\/wp-json\/wp\/v2\/comments?post=1774"}],"version-history":[{"count":8,"href":"https:\/\/www.westernlogistics.com\/fr\/wp-json\/wp\/v2\/pages\/1774\/revisions"}],"predecessor-version":[{"id":2551,"href":"https:\/\/www.westernlogistics.com\/fr\/wp-json\/wp\/v2\/pages\/1774\/revisions\/2551"}],"wp:attachment":[{"href":"https:\/\/www.westernlogistics.com\/fr\/wp-json\/wp\/v2\/media?parent=1774"}],"curies":[{"name":"wp","href":"https:\/\/api.w.org\/{rel}","templated":true}]}}