{"id":1819,"date":"2018-12-15T17:48:38","date_gmt":"2018-12-15T17:48:38","guid":{"rendered":"https:\/\/www.westernlogistics.com\/kelowna-colombie-britannique\/"},"modified":"2023-08-30T16:20:46","modified_gmt":"2023-08-30T16:20:46","slug":"kelowna-colombie-britannique","status":"publish","type":"page","link":"https:\/\/www.westernlogistics.com\/fr\/kelowna-colombie-britannique\/","title":{"rendered":"Kelowna, Colombie-Britannique"},"content":{"rendered":"<p>[vc_row type= &raquo;in_container &raquo; bg_parallax= &raquo; &raquo; color_overlay= &raquo; &raquo; vu_equal_height_columns= &raquo; &raquo; row_id= &raquo; &raquo; el_class= &raquo; &raquo;][vc_column vu_vertical_align= &raquo;middle &raquo;]<div class=\"vu_map vu_m-fullwith m-b-35\" data-options=\"{&quot;zoom_level&quot;:&quot;10&quot;,&quot;center_lat&quot;:&quot;50.022011&quot;,&quot;center_lng&quot;:&quot;-119.387178&quot;,&quot;map_type&quot;:&quot;roadmap&quot;,&quot;tilt_45&quot;:&quot;&quot;,&quot;others_options&quot;:{&quot;draggable&quot;:&quot;1&quot;,&quot;zoomControl&quot;:&quot;1&quot;,&quot;disableDoubleClickZoom&quot;:&quot;&quot;,&quot;panControl&quot;:&quot;&quot;,&quot;fullscreenControl&quot;:&quot;1&quot;,&quot;mapTypeControl&quot;:&quot;&quot;,&quot;scaleControl&quot;:&quot;&quot;,&quot;streetViewControl&quot;:&quot;&quot;},&quot;use_marker_img&quot;:&quot;1&quot;,&quot;marker_img&quot;:&quot;https:\\\/\\\/www.westernlogistics.com\\\/wp-content\\\/uploads\\\/2016\\\/04\\\/map-marker-animate.svg&quot;,&quot;enable_animation&quot;:&quot;&quot;,&quot;locations&quot;:[{&quot;lat&quot;:&quot;50.022011&quot;,&quot;lng&quot;:&quot;-119.387178&quot;,&quot;info&quot;:&quot;Kelowna Terminal&lt;br \\\/&gt;\\nUnit #160 \\u2013 230 Beaver Lake Court,&lt;br \\\/&gt;\\nKelowna, BC, V4V 1S5&lt;\\\/p&gt;\\n&lt;p&gt;T: 250.765.2100&lt;br \\\/&gt;\\nT\\\/F: 866.664.2121&lt;br \\\/&gt;\\nF: 250.765.0579&quot;}],&quot;styles&quot;:&quot;[{\\&quot;featureType\\&quot;:\\&quot;water\\&quot;,\\&quot;elementType\\&quot;:\\&quot;geometry\\&quot;,\\&quot;stylers\\&quot;:[{\\&quot;color\\&quot;:\\&quot;#e9e9e9\\&quot;},{\\&quot;lightness\\&quot;:17}]},{\\&quot;featureType\\&quot;:\\&quot;landscape\\&quot;,\\&quot;elementType\\&quot;:\\&quot;geometry\\&quot;,\\&quot;stylers\\&quot;:[{\\&quot;color\\&quot;:\\&quot;#f5f5f5\\&quot;},{\\&quot;lightness\\&quot;:20}]},{\\&quot;featureType\\&quot;:\\&quot;road.highway\\&quot;,\\&quot;elementType\\&quot;:\\&quot;geometry.fill\\&quot;,\\&quot;stylers\\&quot;:[{\\&quot;color\\&quot;:\\&quot;#ffffff\\&quot;},{\\&quot;lightness\\&quot;:17}]},{\\&quot;featureType\\&quot;:\\&quot;road.highway\\&quot;,\\&quot;elementType\\&quot;:\\&quot;geometry.stroke\\&quot;,\\&quot;stylers\\&quot;:[{\\&quot;color\\&quot;:\\&quot;#ffffff\\&quot;},{\\&quot;lightness\\&quot;:29},{\\&quot;weight\\&quot;:0.2}]},{\\&quot;featureType\\&quot;:\\&quot;road.arterial\\&quot;,\\&quot;elementType\\&quot;:\\&quot;geometry\\&quot;,\\&quot;stylers\\&quot;:[{\\&quot;color\\&quot;:\\&quot;#ffffff\\&quot;},{\\&quot;lightness\\&quot;:18}]},{\\&quot;featureType\\&quot;:\\&quot;road.local\\&quot;,\\&quot;elementType\\&quot;:\\&quot;geometry\\&quot;,\\&quot;stylers\\&quot;:[{\\&quot;color\\&quot;:\\&quot;#ffffff\\&quot;},{\\&quot;lightness\\&quot;:16}]},{\\&quot;featureType\\&quot;:\\&quot;poi\\&quot;,\\&quot;elementType\\&quot;:\\&quot;geometry\\&quot;,\\&quot;stylers\\&quot;:[{\\&quot;color\\&quot;:\\&quot;#f5f5f5\\&quot;},{\\&quot;lightness\\&quot;:21}]},{\\&quot;featureType\\&quot;:\\&quot;poi.park\\&quot;,\\&quot;elementType\\&quot;:\\&quot;geometry\\&quot;,\\&quot;stylers\\&quot;:[{\\&quot;color\\&quot;:\\&quot;#dedede\\&quot;},{\\&quot;lightness\\&quot;:21}]},{\\&quot;elementType\\&quot;:\\&quot;labels.text.stroke\\&quot;,\\&quot;stylers\\&quot;:[{\\&quot;visibility\\&quot;:\\&quot;on\\&quot;},{\\&quot;color\\&quot;:\\&quot;#ffffff\\&quot;},{\\&quot;lightness\\&quot;:16}]},{\\&quot;elementType\\&quot;:\\&quot;labels.text.fill\\&quot;,\\&quot;stylers\\&quot;:[{\\&quot;saturation\\&quot;:36},{\\&quot;color\\&quot;:\\&quot;#333333\\&quot;},{\\&quot;lightness\\&quot;:40}]},{\\&quot;elementType\\&quot;:\\&quot;labels.icon\\&quot;,\\&quot;stylers\\&quot;:[{\\&quot;visibility\\&quot;:\\&quot;off\\&quot;}]},{\\&quot;featureType\\&quot;:\\&quot;transit\\&quot;,\\&quot;elementType\\&quot;:\\&quot;geometry\\&quot;,\\&quot;stylers\\&quot;:[{\\&quot;color\\&quot;:\\&quot;#f2f2f2\\&quot;},{\\&quot;lightness\\&quot;:19}]},{\\&quot;featureType\\&quot;:\\&quot;administrative\\&quot;,\\&quot;elementType\\&quot;:\\&quot;geometry.fill\\&quot;,\\&quot;stylers\\&quot;:[{\\&quot;color\\&quot;:\\&quot;#fefefe\\&quot;},{\\&quot;lightness\\&quot;:20}]},{\\&quot;featureType\\&quot;:\\&quot;administrative\\&quot;,\\&quot;elementType\\&quot;:\\&quot;geometry.stroke\\&quot;,\\&quot;stylers\\&quot;:[{\\&quot;color\\&quot;:\\&quot;#fefefe\\&quot;},{\\&quot;lightness\\&quot;:17},{\\&quot;weight\\&quot;:1.2}]}]&quot;}\" style=\"height:330px;\"><\/div>[\/vc_column][\/vc_row][vc_row type= &raquo;in_container &raquo; bg_parallax= &raquo; &raquo; color_overlay= &raquo; &raquo; vu_equal_height_columns= &raquo; &raquo; row_id= &raquo; &raquo; el_class= &raquo; &raquo;][vc_column vu_vertical_align= &raquo;top &raquo;][vc_column_text]Nous avons d\u00e9m\u00e9nag\u00e9 dans de nouvelles installations en f\u00e9vrier 2018, cr\u00e9ant un point d&rsquo;acc\u00e8s dans l&rsquo;Okanagan pour offrir des services de distribution et d&rsquo;entreposage.[\/vc_column_text][\/vc_column][\/vc_row][vc_row type= &raquo;in_container &raquo; bg_parallax= &raquo; &raquo; color_overlay= &raquo; &raquo; vu_equal_height_columns= &raquo; &raquo; row_id= &raquo; &raquo; el_class= &raquo; &raquo;][vc_column vu_vertical_align= &raquo;middle &raquo;]\t\t<header class=\"vu_heading vu_h-alignment-left m-t-0\">\r\n\t\t\t<h2 class=\"vu_h-heading m-b-0\">COORDONN\u00c9ES<\/h2>\r\n\r\n\t\t\t\t\t<\/header>\r\n\t[\/vc_column][\/vc_row][vc_row type= &raquo;in_container &raquo; bg_parallax= &raquo; &raquo; color_overlay= &raquo; &raquo; vu_equal_height_columns= &raquo; &raquo; row_id= &raquo; &raquo; el_class= &raquo; &raquo;][vc_column vu_vertical_align= &raquo;middle &raquo; width= &raquo;1\/2&Prime;][vc_single_image image= &raquo;1413&Prime; img_size= &raquo;400&#215;300&Prime;][\/vc_column][vc_column vu_vertical_align= &raquo;top &raquo; width= &raquo;1\/2&Prime;][vc_column_text css= &raquo;.vc_custom_1693412435761{padding-top: 30px !important;padding-right: 30px !important;padding-bottom: 30px !important;padding-left: 30px !important;background-color: #ffffff !important;} &raquo; el_class= &raquo;vu_secondary-bg-color m-b-0&Prime;]<\/p>\n<h4>Terminal de Kelowna, BC<\/h4>\n<ul class=\"vu_contact-info-list\" style=\"color: #000;\">\n<li><i class=\"fa fa-map-marker\"><\/i>\n<div>Unit #130 \u2013 220 Beaver Lake Court, Kelowna, BC<br \/>\nCanada\u00a0 V4V 1S5<\/div>\n<\/li>\n<li><i class=\"fa fa-phone\"><\/i>\n<div><strong>T\u00e9l. <\/strong>: 250-765-2100 | <strong>Sans frais : <\/strong>1-866-664-2121<\/div>\n<\/li>\n<li><i class=\"fa fa-fax\"><\/i>\n<div><strong>T\u00e9l\u00e9c. :<\/strong> 250-765-0579<\/div>\n<\/li>\n<li><i class=\"fa fa-envelope\"><\/i>\n<div><a href=\"&#109;a&#x69;l&#x74;o&#x3a;c&#x75;s&#x74;o&#x6d;&#101;&#x72;&#115;&#x65;&#114;&#x76;&#105;&#x63;&#101;&#x40;&#119;&#x65;&#115;t&#x65;r&#x6e;l&#x6f;g&#x69;s&#x74;i&#x63;&#115;&#x2e;&#99;&#x6f;&#109;\">&#83;&#x65;&#x72;v&#105;&#x63;e&#67;&#x6c;&#x69;&#101;&#x6e;&#x74;e&#108;&#x65;&#64;&#119;&#x65;&#x73;&#116;&#x65;&#x72;n&#108;&#x6f;g&#105;&#x73;&#x74;&#105;&#x63;&#x73;&#46;&#99;&#x6f;m<\/a><br \/>\n<a href=\"&#x6d;&#x61;&#x69;&#x6c;&#x74;&#x6f;&#x3a;&#x72;&#x61;&#x74;&#x65;&#x73;&#x40;&#x77;&#x65;&#x73;&#x74;&#x65;&#x72;&#x6e;&#x6c;&#x6f;&#103;&#105;&#115;&#116;&#105;&#99;&#115;&#46;&#99;&#111;&#109;\">T&#97;&#x75;&#x78;&#64;&#119;&#x65;&#x73;t&#101;&#114;&#x6e;&#x6c;o&#103;&#x69;&#x73;t&#105;&#x63;&#x73;&#46;&#99;&#111;&#x6d;<\/a><\/div>\n<\/li>\n<\/ul>\n<p>[\/vc_column_text][\/vc_column][\/vc_row][vc_row type= &raquo;in_container &raquo; bg_parallax= &raquo; &raquo; color_overlay= &raquo; &raquo; vu_equal_height_columns= &raquo; &raquo; row_id= &raquo; &raquo; el_class= &raquo; &raquo;][vc_column vu_vertical_align= &raquo;top &raquo;]\t\t<header class=\"vu_heading vu_h-alignment-left\">\r\n\t\t\t<h2 class=\"vu_h-heading m-b-0\">ENVOYEZ UN COURRIEL AUX MEMBRES DE NOTRE \u00c9QUIPE DE KELOWNA<\/h2>\r\n\r\n\t\t\t\t\t<\/header>\r\n\t\t\t<div class=\"vu_carousel-container\">\r\n\t\t\t<div class=\"vu_carousel clearfix\" data-options=\"{&quot;singleItem&quot;:false,&quot;itemsScaleUp&quot;:false,&quot;addClassActive&quot;:true,&quot;navigationText&quot;:[&quot;&lt;i class=\\&quot;fa fa-angle-left\\&quot;&gt;&lt;\\\/i&gt;&quot;,&quot;&lt;i class=\\&quot;fa fa-angle-right\\&quot;&gt;&lt;\\\/i&gt;&quot;],&quot;autoHeight&quot;:true,&quot;items&quot;:3,&quot;itemsDesktop&quot;:[1199,3],&quot;itemsDesktopSmall&quot;:[980,1],&quot;itemsTablet&quot;:[768,2],&quot;itemsMobile&quot;:[479,1],&quot;slideSpeed&quot;:200,&quot;paginationSpeed&quot;:800,&quot;rewindSpeed&quot;:1000,&quot;autoPlay&quot;:5000,&quot;stopOnHover&quot;:true,&quot;navigation&quot;:true,&quot;rewindNav&quot;:true,&quot;scrollPerPage&quot;:false,&quot;pagination&quot;:true,&quot;paginationNumbers&quot;:true}\">\r\n\t\t\t\t\t\t<div class=\"vu_carousel-item\">\n\t\t\t\t\t<div class=\"vu_team-member\" itemscope=\"itemscope\" itemtype=\"https:\/\/schema.org\/Person\">\r\n\t\t\t\r\n\t\t\t<div class=\"vu_tm-info\">\r\n\t\t\t\t<h4 class=\"vu_tm-name\"><a href=\"ma&#105;&#108;&#116;&#x6f;&#x3a;&#x6b;&#x65;lo&#119;&#110;&#97;&#x40;&#x77;&#x65;&#x73;te&#114;&#110;&#108;&#x6f;&#x67;&#x69;&#x73;ti&#99;&#115;&#46;&#x63;&#x6f;&#x6d;\" title=\"\" target=\"_self\">Jody Pritchard<\/a><\/h4>\t\t\t\t\r\n\t\t\t\t\t\t\t\t\t<span class=\"vu_tm-position\" itemprop=\"jobTitle\">Gestionnaire du terminal<\/span>\r\n\t\t\t\t\t\t\t<\/div>\r\n\t\t\t\r\n\t\t\t\r\n\t\t\t\t\t<\/div>\r\n\t\t\t<\/div>\n\t\t\t\t<\/div>\r\n\t\t<\/div>\r\n\t[\/vc_column][\/vc_row][vc_row type= &raquo;in_container &raquo; bg_parallax= &raquo; &raquo; color_overlay= &raquo; &raquo; vu_equal_height_columns= &raquo; &raquo; row_id= &raquo; &raquo; el_class= &raquo; &raquo;][vc_column vu_vertical_align= &raquo;top &raquo;][\/vc_column][\/vc_row]<\/p>\n","protected":false},"excerpt":{"rendered":"<p>[vc_row type= &raquo;in_container &raquo; bg_parallax= &raquo; &raquo; color_overlay= &raquo; &raquo; vu_equal_height_columns= &raquo; &raquo; row_id= &raquo; &raquo; el_class= &raquo; &raquo;][vc_column vu_vertical_align= &raquo;middle &raquo;][\/vc_column][\/vc_row][vc_row type= &raquo;in_container &raquo; bg_parallax= &raquo; &raquo; color_overlay= &raquo; &raquo; vu_equal_height_columns= &raquo; &raquo; row_id= &raquo; &raquo; el_class= &raquo; &raquo;][vc_column vu_vertical_align= &raquo;top &raquo;][vc_column_text]Nous avons d\u00e9m\u00e9nag\u00e9 dans de nouvelles installations en f\u00e9vrier 2018, cr\u00e9ant un point [&hellip;]<\/p>\n","protected":false},"author":3,"featured_media":0,"parent":0,"menu_order":0,"comment_status":"closed","ping_status":"closed","template":"","meta":{"content-type":"","footnotes":""},"_links":{"self":[{"href":"https:\/\/www.westernlogistics.com\/fr\/wp-json\/wp\/v2\/pages\/1819"}],"collection":[{"href":"https:\/\/www.westernlogistics.com\/fr\/wp-json\/wp\/v2\/pages"}],"about":[{"href":"https:\/\/www.westernlogistics.com\/fr\/wp-json\/wp\/v2\/types\/page"}],"author":[{"embeddable":true,"href":"https:\/\/www.westernlogistics.com\/fr\/wp-json\/wp\/v2\/users\/3"}],"replies":[{"embeddable":true,"href":"https:\/\/www.westernlogistics.com\/fr\/wp-json\/wp\/v2\/comments?post=1819"}],"version-history":[{"count":11,"href":"https:\/\/www.westernlogistics.com\/fr\/wp-json\/wp\/v2\/pages\/1819\/revisions"}],"predecessor-version":[{"id":2340,"href":"https:\/\/www.westernlogistics.com\/fr\/wp-json\/wp\/v2\/pages\/1819\/revisions\/2340"}],"wp:attachment":[{"href":"https:\/\/www.westernlogistics.com\/fr\/wp-json\/wp\/v2\/media?parent=1819"}],"curies":[{"name":"wp","href":"https:\/\/api.w.org\/{rel}","templated":true}]}}