{"id":1831,"date":"2018-12-15T17:55:44","date_gmt":"2018-12-15T17:55:44","guid":{"rendered":"https:\/\/www.westernlogistics.com\/toronto-ontario\/"},"modified":"2024-11-29T17:28:09","modified_gmt":"2024-11-29T17:28:09","slug":"toronto-ontario","status":"publish","type":"page","link":"https:\/\/www.westernlogistics.com\/fr\/toronto-ontario\/","title":{"rendered":"Toronto, Ontario"},"content":{"rendered":"<p>[vc_row type= &raquo;in_container &raquo; bg_parallax= &raquo; &raquo; color_overlay= &raquo; &raquo; vu_equal_height_columns= &raquo; &raquo; row_id= &raquo; &raquo; el_class= &raquo; &raquo;][vc_column vu_vertical_align= &raquo;middle &raquo;]<div class=\"vu_map vu_m-fullwith m-b-35\" data-options=\"{&quot;zoom_level&quot;:&quot;10&quot;,&quot;center_lat&quot;:&quot;43.706195&quot;,&quot;center_lng&quot;:&quot;-79.653099&quot;,&quot;map_type&quot;:&quot;roadmap&quot;,&quot;tilt_45&quot;:&quot;&quot;,&quot;others_options&quot;:{&quot;draggable&quot;:&quot;1&quot;,&quot;zoomControl&quot;:&quot;1&quot;,&quot;disableDoubleClickZoom&quot;:&quot;&quot;,&quot;panControl&quot;:&quot;&quot;,&quot;fullscreenControl&quot;:&quot;1&quot;,&quot;mapTypeControl&quot;:&quot;&quot;,&quot;scaleControl&quot;:&quot;&quot;,&quot;streetViewControl&quot;:&quot;&quot;},&quot;use_marker_img&quot;:&quot;1&quot;,&quot;marker_img&quot;:&quot;https:\\\/\\\/www.westernlogistics.com\\\/wp-content\\\/uploads\\\/2016\\\/04\\\/map-marker-animate.svg&quot;,&quot;enable_animation&quot;:&quot;&quot;,&quot;locations&quot;:[{&quot;lat&quot;:&quot;43.706195&quot;,&quot;lng&quot;:&quot;-79.653099&quot;,&quot;info&quot;:&quot;Toronto Terminal&lt;br \\\/&gt;\\n2750 Drew Road, Mississauga, ON&lt;br \\\/&gt;\\nL4T 3C4&lt;\\\/p&gt;\\n&lt;p&gt;T: 905.799.7321&lt;br \\\/&gt;\\nT\\\/F: 800.701.4328&lt;br \\\/&gt;\\nF: 905.799.7324&quot;}],&quot;styles&quot;:&quot;[{\\&quot;featureType\\&quot;:\\&quot;water\\&quot;,\\&quot;elementType\\&quot;:\\&quot;geometry\\&quot;,\\&quot;stylers\\&quot;:[{\\&quot;color\\&quot;:\\&quot;#e9e9e9\\&quot;},{\\&quot;lightness\\&quot;:17}]},{\\&quot;featureType\\&quot;:\\&quot;landscape\\&quot;,\\&quot;elementType\\&quot;:\\&quot;geometry\\&quot;,\\&quot;stylers\\&quot;:[{\\&quot;color\\&quot;:\\&quot;#f5f5f5\\&quot;},{\\&quot;lightness\\&quot;:20}]},{\\&quot;featureType\\&quot;:\\&quot;road.highway\\&quot;,\\&quot;elementType\\&quot;:\\&quot;geometry.fill\\&quot;,\\&quot;stylers\\&quot;:[{\\&quot;color\\&quot;:\\&quot;#ffffff\\&quot;},{\\&quot;lightness\\&quot;:17}]},{\\&quot;featureType\\&quot;:\\&quot;road.highway\\&quot;,\\&quot;elementType\\&quot;:\\&quot;geometry.stroke\\&quot;,\\&quot;stylers\\&quot;:[{\\&quot;color\\&quot;:\\&quot;#ffffff\\&quot;},{\\&quot;lightness\\&quot;:29},{\\&quot;weight\\&quot;:0.2}]},{\\&quot;featureType\\&quot;:\\&quot;road.arterial\\&quot;,\\&quot;elementType\\&quot;:\\&quot;geometry\\&quot;,\\&quot;stylers\\&quot;:[{\\&quot;color\\&quot;:\\&quot;#ffffff\\&quot;},{\\&quot;lightness\\&quot;:18}]},{\\&quot;featureType\\&quot;:\\&quot;road.local\\&quot;,\\&quot;elementType\\&quot;:\\&quot;geometry\\&quot;,\\&quot;stylers\\&quot;:[{\\&quot;color\\&quot;:\\&quot;#ffffff\\&quot;},{\\&quot;lightness\\&quot;:16}]},{\\&quot;featureType\\&quot;:\\&quot;poi\\&quot;,\\&quot;elementType\\&quot;:\\&quot;geometry\\&quot;,\\&quot;stylers\\&quot;:[{\\&quot;color\\&quot;:\\&quot;#f5f5f5\\&quot;},{\\&quot;lightness\\&quot;:21}]},{\\&quot;featureType\\&quot;:\\&quot;poi.park\\&quot;,\\&quot;elementType\\&quot;:\\&quot;geometry\\&quot;,\\&quot;stylers\\&quot;:[{\\&quot;color\\&quot;:\\&quot;#dedede\\&quot;},{\\&quot;lightness\\&quot;:21}]},{\\&quot;elementType\\&quot;:\\&quot;labels.text.stroke\\&quot;,\\&quot;stylers\\&quot;:[{\\&quot;visibility\\&quot;:\\&quot;on\\&quot;},{\\&quot;color\\&quot;:\\&quot;#ffffff\\&quot;},{\\&quot;lightness\\&quot;:16}]},{\\&quot;elementType\\&quot;:\\&quot;labels.text.fill\\&quot;,\\&quot;stylers\\&quot;:[{\\&quot;saturation\\&quot;:36},{\\&quot;color\\&quot;:\\&quot;#333333\\&quot;},{\\&quot;lightness\\&quot;:40}]},{\\&quot;elementType\\&quot;:\\&quot;labels.icon\\&quot;,\\&quot;stylers\\&quot;:[{\\&quot;visibility\\&quot;:\\&quot;off\\&quot;}]},{\\&quot;featureType\\&quot;:\\&quot;transit\\&quot;,\\&quot;elementType\\&quot;:\\&quot;geometry\\&quot;,\\&quot;stylers\\&quot;:[{\\&quot;color\\&quot;:\\&quot;#f2f2f2\\&quot;},{\\&quot;lightness\\&quot;:19}]},{\\&quot;featureType\\&quot;:\\&quot;administrative\\&quot;,\\&quot;elementType\\&quot;:\\&quot;geometry.fill\\&quot;,\\&quot;stylers\\&quot;:[{\\&quot;color\\&quot;:\\&quot;#fefefe\\&quot;},{\\&quot;lightness\\&quot;:20}]},{\\&quot;featureType\\&quot;:\\&quot;administrative\\&quot;,\\&quot;elementType\\&quot;:\\&quot;geometry.stroke\\&quot;,\\&quot;stylers\\&quot;:[{\\&quot;color\\&quot;:\\&quot;#fefefe\\&quot;},{\\&quot;lightness\\&quot;:17},{\\&quot;weight\\&quot;:1.2}]}]&quot;}\" style=\"height:330px;\"><\/div>[\/vc_column][\/vc_row][vc_row type= &raquo;in_container &raquo; bg_parallax= &raquo; &raquo; color_overlay= &raquo; &raquo; vu_equal_height_columns= &raquo; &raquo; row_id= &raquo; &raquo; el_class= &raquo; &raquo;][vc_column vu_vertical_align= &raquo;top &raquo;][vc_column_text]Des chefs de file du mobilier de bureau ont visit\u00e9 nos installations de Toronto et ont d\u00e9termin\u00e9 \u00ab\u00a0que Western Logistics est dans une classe \u00e0 part\u00a0\u00bb lorsqu&rsquo;il s&rsquo;agit du chargement de mobilier de bureau et d&rsquo;\u00e9viter les dommages. Pour nous, la r\u00e9ponse est simple\u00a0: les membres de notre personnel savent ce qu&rsquo;ils font, ils ont \u00e0 disposition les meilleurs outils pour accomplir leur travail et (attention\u2026) ils s&rsquo;en soucient![\/vc_column_text][\/vc_column][\/vc_row][vc_row type= &raquo;in_container &raquo; bg_parallax= &raquo; &raquo; color_overlay= &raquo; &raquo; vu_equal_height_columns= &raquo; &raquo; row_id= &raquo; &raquo; el_class= &raquo; &raquo;][vc_column vu_vertical_align= &raquo;middle &raquo;]\t\t<header class=\"vu_heading vu_h-alignment-left m-t-0\">\r\n\t\t\t<h2 class=\"vu_h-heading m-b-0\">COORDONN\u00c9ES<\/h2>\r\n\r\n\t\t\t\t\t<\/header>\r\n\t[\/vc_column][\/vc_row][vc_row type= &raquo;in_container &raquo; bg_parallax= &raquo; &raquo; color_overlay= &raquo; &raquo; vu_equal_height_columns= &raquo; &raquo; row_id= &raquo; &raquo; el_class= &raquo; &raquo;][vc_column vu_vertical_align= &raquo;middle &raquo; width= &raquo;1\/2&Prime;][vc_single_image image= &raquo;1041&Prime; img_size= &raquo;400&#215;300&Prime;][\/vc_column][vc_column vu_vertical_align= &raquo;top &raquo; width= &raquo;1\/2&Prime;][vc_column_text css= &raquo;.vc_custom_1547074639913{padding-top: 30px !important;padding-right: 30px !important;padding-bottom: 30px !important;padding-left: 30px !important;background-color: #ffffff !important;} &raquo; el_class= &raquo;vu_secondary-bg-color m-b-0&Prime;]<\/p>\n<h4>Terminal de Toronto, ON<\/h4>\n<ul class=\"vu_contact-info-list\" style=\"color: #000;\">\n<li><i class=\"fa fa-map-marker\"><\/i>\n<div>2750 Drew Road, Mississauga, ON<br \/>\nCanada\u00a0 L4T 3C4<\/div>\n<\/li>\n<li><i class=\"fa fa-phone\"><\/i>\n<div><strong>T\u00e9l. : <\/strong>905-799-7321 | <strong>Sans frais :<\/strong> 1-800-701-4328<\/div>\n<\/li>\n<li><i class=\"fa fa-fax\"><\/i>\n<div><strong>T\u00e9l\u00e9c. :<\/strong> 905-799-7324<\/div>\n<\/li>\n<li><i class=\"fa fa-envelope\"><\/i>\n<div>\n<p><a href=\"&#x6d;&#97;&#x69;&#x6c;&#116;&#x6f;&#58;c&#x75;&#115;t&#x6f;&#109;e&#x72;&#115;e&#x72;&#118;&#x69;&#x63;&#101;&#x40;&#x77;&#101;&#x73;&#116;e&#x72;&#110;l&#x6f;&#103;i&#x73;&#116;i&#x63;&#115;&#x2e;&#x63;&#111;&#x6d;\">&#x53;&#x65;&#x72;&#x76;&#105;&#99;&#101;Cl&#x69;&#x65;&#x6e;&#x74;&#x65;&#108;&#101;&#64;we&#x73;&#x74;&#x65;&#x72;&#x6e;&#108;&#111;&#103;is&#x74;&#x69;&#x63;&#x73;&#x2e;&#99;&#111;&#109;<\/a><br \/>\n<a href=\"&#x6d;&#97;&#x69;&#x6c;&#116;&#x6f;&#x3a;&#114;&#x61;&#x74;&#101;&#x73;&#x40;w&#x65;&#x73;t&#x65;&#114;n&#x6c;&#111;g&#x69;&#115;t&#x69;&#99;s&#x2e;&#99;o&#x6d;\">Taux&#64;&#119;&#101;&#115;&#116;&#x65;&#x72;&#x6e;&#x6c;&#x6f;&#x67;&#x69;stic&#115;&#46;&#99;&#111;&#109;<\/a><\/div>\n<\/li>\n<\/ul>\n<p>[\/vc_column_text][\/vc_column][\/vc_row][vc_row type= &raquo;in_container &raquo; bg_parallax= &raquo; &raquo; color_overlay= &raquo; &raquo; vu_equal_height_columns= &raquo; &raquo; row_id= &raquo; &raquo; el_class= &raquo; &raquo;][vc_column vu_vertical_align= &raquo;top &raquo;]\t\t<header class=\"vu_heading vu_h-alignment-left\">\r\n\t\t\t<h2 class=\"vu_h-heading m-b-0\">ENVOYEZ UN COURRIEL AUX MEMBRES DE NOTRE \u00c9QUIPE DE TORONTO<\/h2>\r\n\r\n\t\t\t\t\t<\/header>\r\n\t\t\t<div class=\"vu_carousel-container\">\r\n\t\t\t<div class=\"vu_carousel clearfix\" data-options=\"{&quot;singleItem&quot;:false,&quot;itemsScaleUp&quot;:false,&quot;addClassActive&quot;:true,&quot;navigationText&quot;:[&quot;&lt;i class=\\&quot;fa fa-angle-left\\&quot;&gt;&lt;\\\/i&gt;&quot;,&quot;&lt;i class=\\&quot;fa fa-angle-right\\&quot;&gt;&lt;\\\/i&gt;&quot;],&quot;autoHeight&quot;:true,&quot;items&quot;:3,&quot;itemsDesktop&quot;:[1199,3],&quot;itemsDesktopSmall&quot;:[980,1],&quot;itemsTablet&quot;:[768,2],&quot;itemsMobile&quot;:[479,1],&quot;slideSpeed&quot;:200,&quot;paginationSpeed&quot;:800,&quot;rewindSpeed&quot;:1000,&quot;autoPlay&quot;:5000,&quot;stopOnHover&quot;:true,&quot;navigation&quot;:true,&quot;rewindNav&quot;:true,&quot;scrollPerPage&quot;:false,&quot;pagination&quot;:true,&quot;paginationNumbers&quot;:true}\">\r\n\t\t\t\t\t\t<div class=\"vu_carousel-item\">\n\t\t\t\t\t<div class=\"vu_team-member\" itemscope=\"itemscope\" itemtype=\"https:\/\/schema.org\/Person\">\r\n\t\t\t\t\t\t\t<div class=\"vu_tm-image\">\r\n\t\t\t\t\t<img width=\"500\" height=\"500\" src=\"https:\/\/www.westernlogistics.com\/wp-content\/uploads\/2018\/04\/domenic-russo.jpg\" class=\"attachment-transpress_ratio-1:1 size-transpress_ratio-1:1\" alt=\"\" decoding=\"async\" itemprop=\"image\" loading=\"lazy\" srcset=\"https:\/\/www.westernlogistics.com\/wp-content\/uploads\/2018\/04\/domenic-russo.jpg 500w, https:\/\/www.westernlogistics.com\/wp-content\/uploads\/2018\/04\/domenic-russo-150x150.jpg 150w, https:\/\/www.westernlogistics.com\/wp-content\/uploads\/2018\/04\/domenic-russo-300x300.jpg 300w\" sizes=\"(max-width: 500px) 100vw, 500px\" \/>\t\t\t\t<\/div>\r\n\t\t\t\r\n\t\t\t<div class=\"vu_tm-info\">\r\n\t\t\t\t<h4 class=\"vu_tm-name\"><a href=\"&#109;&#x61;&#105;&#x6c;&#116;&#x6f;&#58;&#x64;&#111;&#x6d;&#64;&#x77;e&#x73;t&#x65;r&#x6e;l&#x6f;g&#x69;s&#116;&#x69;&#99;&#x73;&#46;&#x63;&#111;&#x6d;\" title=\"\" target=\"_self\">Domenic Russo<\/a><\/h4>\t\t\t\t\r\n\t\t\t\t\t\t\t\t\t<span class=\"vu_tm-position\" itemprop=\"jobTitle\">Pr\u00e9sident et chef de l&#039;exploitation<\/span>\r\n\t\t\t\t\t\t\t<\/div>\r\n\t\t\t\r\n\t\t\t\r\n\t\t\t\t\t<\/div>\r\n\t\t\t<\/div>\n\t\t\t<div class=\"vu_carousel-item\">\n\t\t\t\t\t<div class=\"vu_team-member\" itemscope=\"itemscope\" itemtype=\"https:\/\/schema.org\/Person\">\r\n\t\t\t\t\t\t\t<div class=\"vu_tm-image\">\r\n\t\t\t\t\t<img width=\"500\" height=\"500\" src=\"https:\/\/www.westernlogistics.com\/wp-content\/uploads\/2018\/03\/ryan-decker.jpg\" class=\"attachment-transpress_ratio-1:1 size-transpress_ratio-1:1\" alt=\"\" decoding=\"async\" itemprop=\"image\" loading=\"lazy\" srcset=\"https:\/\/www.westernlogistics.com\/wp-content\/uploads\/2018\/03\/ryan-decker.jpg 500w, https:\/\/www.westernlogistics.com\/wp-content\/uploads\/2018\/03\/ryan-decker-150x150.jpg 150w, https:\/\/www.westernlogistics.com\/wp-content\/uploads\/2018\/03\/ryan-decker-300x300.jpg 300w\" sizes=\"(max-width: 500px) 100vw, 500px\" \/>\t\t\t\t<\/div>\r\n\t\t\t\r\n\t\t\t<div class=\"vu_tm-info\">\r\n\t\t\t\t<h4 class=\"vu_tm-name\"><a href=\"ma&#105;&#108;&#116;&#x6f;&#x3a;&#x72;&#x79;&#x61;n&#64;&#119;&#101;&#115;&#x74;&#x65;&#x72;&#x6e;&#x6c;og&#105;&#115;&#116;&#x69;&#x63;&#x73;&#x2e;&#x63;om\" title=\"\" target=\"_self\">Ryan Decker<\/a><\/h4>\t\t\t\t\r\n\t\t\t\t\t\t\t\t\t<span class=\"vu_tm-position\" itemprop=\"jobTitle\">Directeur des op\u00e9rations \u2013 Toronto et Est des \u00c9tats-Unis<\/span>\r\n\t\t\t\t\t\t\t<\/div>\r\n\t\t\t\r\n\t\t\t\r\n\t\t\t\t\t<\/div>\r\n\t\t\t<\/div>\n\t\t\t<div class=\"vu_carousel-item\">\n\t\t\t\t\t<div class=\"vu_team-member\" itemscope=\"itemscope\" itemtype=\"https:\/\/schema.org\/Person\">\r\n\t\t\t\t\t\t\t<div class=\"vu_tm-image\">\r\n\t\t\t\t\t<img width=\"500\" height=\"500\" src=\"https:\/\/www.westernlogistics.com\/wp-content\/uploads\/2018\/04\/marc-fernandes.jpg\" class=\"attachment-transpress_ratio-1:1 size-transpress_ratio-1:1\" alt=\"\" decoding=\"async\" itemprop=\"image\" loading=\"lazy\" srcset=\"https:\/\/www.westernlogistics.com\/wp-content\/uploads\/2018\/04\/marc-fernandes.jpg 500w, https:\/\/www.westernlogistics.com\/wp-content\/uploads\/2018\/04\/marc-fernandes-150x150.jpg 150w, https:\/\/www.westernlogistics.com\/wp-content\/uploads\/2018\/04\/marc-fernandes-300x300.jpg 300w\" sizes=\"(max-width: 500px) 100vw, 500px\" \/>\t\t\t\t<\/div>\r\n\t\t\t\r\n\t\t\t<div class=\"vu_tm-info\">\r\n\t\t\t\t<h4 class=\"vu_tm-name\"><a href=\"&#x6d;&#97;&#x69;&#x6c;t&#x6f;&#58;m&#x61;&#114;c&#x2e;&#102;&#x40;&#x77;e&#x73;&#116;e&#x72;&#110;l&#x6f;&#103;&#x69;&#x73;&#116;&#x69;&#x63;s&#x2e;&#99;o&#x6d;\" title=\"\" target=\"_self\">Marc Fernandes<\/a><\/h4>\t\t\t\t\r\n\t\t\t\t\t\t\t\t\t<span class=\"vu_tm-position\" itemprop=\"jobTitle\">Gestionnaire du transport routier<\/span>\r\n\t\t\t\t\t\t\t<\/div>\r\n\t\t\t\r\n\t\t\t\r\n\t\t\t\t\t<\/div>\r\n\t\t\t<\/div>\n\t\t\t<div class=\"vu_carousel-item\">\n\t\t\t\t\t<div class=\"vu_team-member\" itemscope=\"itemscope\" itemtype=\"https:\/\/schema.org\/Person\">\r\n\t\t\t\t\t\t\t<div class=\"vu_tm-image\">\r\n\t\t\t\t\t<img width=\"500\" height=\"500\" src=\"https:\/\/www.westernlogistics.com\/wp-content\/uploads\/2024\/11\/Frank_Russo.jpeg\" class=\"attachment-transpress_ratio-1:1 size-transpress_ratio-1:1\" alt=\"Frank Russo\" decoding=\"async\" itemprop=\"image\" loading=\"lazy\" srcset=\"https:\/\/www.westernlogistics.com\/wp-content\/uploads\/2024\/11\/Frank_Russo.jpeg 500w, https:\/\/www.westernlogistics.com\/wp-content\/uploads\/2024\/11\/Frank_Russo-300x300.jpeg 300w, https:\/\/www.westernlogistics.com\/wp-content\/uploads\/2024\/11\/Frank_Russo-150x150.jpeg 150w\" sizes=\"(max-width: 500px) 100vw, 500px\" \/>\t\t\t\t<\/div>\r\n\t\t\t\r\n\t\t\t<div class=\"vu_tm-info\">\r\n\t\t\t\t<h4 class=\"vu_tm-name\"><a href=\"&#x6d;&#x61;&#x69;&#108;&#116;o:&#x6d;&#x61;&#x72;&#99;&#46;f&#64;&#x77;&#x65;&#x73;&#116;&#101;rn&#x6c;&#x6f;&#x67;&#105;&#115;ti&#x63;&#x73;&#x2e;&#99;&#111;m\" title=\"\" target=\"_self\">Frank Russo<\/a><\/h4>\t\t\t\t\r\n\t\t\t\t\t\t\t\t\t<span class=\"vu_tm-position\" itemprop=\"jobTitle\">Directeur G\u00e9n\u00e9ral<\/span>\r\n\t\t\t\t\t\t\t<\/div>\r\n\t\t\t\r\n\t\t\t\r\n\t\t\t\t\t<\/div>\r\n\t\t\t<\/div>\n\t\t\t\t<\/div>\r\n\t\t<\/div>\r\n\t[\/vc_column][\/vc_row][vc_row type= &raquo;in_container &raquo; bg_parallax= &raquo; &raquo; color_overlay= &raquo; &raquo; vu_equal_height_columns= &raquo; &raquo; row_id= &raquo; &raquo; el_class= &raquo; &raquo;][vc_column vu_vertical_align= &raquo;top &raquo;][\/vc_column][\/vc_row]<\/p>\n","protected":false},"excerpt":{"rendered":"<p>[vc_row type= &raquo;in_container &raquo; bg_parallax= &raquo; &raquo; color_overlay= &raquo; &raquo; vu_equal_height_columns= &raquo; &raquo; row_id= &raquo; &raquo; el_class= &raquo; &raquo;][vc_column vu_vertical_align= &raquo;middle &raquo;][\/vc_column][\/vc_row][vc_row type= &raquo;in_container &raquo; bg_parallax= &raquo; &raquo; color_overlay= &raquo; &raquo; vu_equal_height_columns= &raquo; &raquo; row_id= &raquo; &raquo; el_class= &raquo; &raquo;][vc_column vu_vertical_align= &raquo;top &raquo;][vc_column_text]Des chefs de file du mobilier de bureau ont visit\u00e9 nos installations de [&hellip;]<\/p>\n","protected":false},"author":3,"featured_media":0,"parent":0,"menu_order":0,"comment_status":"closed","ping_status":"closed","template":"","meta":{"content-type":"","footnotes":""},"_links":{"self":[{"href":"https:\/\/www.westernlogistics.com\/fr\/wp-json\/wp\/v2\/pages\/1831"}],"collection":[{"href":"https:\/\/www.westernlogistics.com\/fr\/wp-json\/wp\/v2\/pages"}],"about":[{"href":"https:\/\/www.westernlogistics.com\/fr\/wp-json\/wp\/v2\/types\/page"}],"author":[{"embeddable":true,"href":"https:\/\/www.westernlogistics.com\/fr\/wp-json\/wp\/v2\/users\/3"}],"replies":[{"embeddable":true,"href":"https:\/\/www.westernlogistics.com\/fr\/wp-json\/wp\/v2\/comments?post=1831"}],"version-history":[{"count":8,"href":"https:\/\/www.westernlogistics.com\/fr\/wp-json\/wp\/v2\/pages\/1831\/revisions"}],"predecessor-version":[{"id":2509,"href":"https:\/\/www.westernlogistics.com\/fr\/wp-json\/wp\/v2\/pages\/1831\/revisions\/2509"}],"wp:attachment":[{"href":"https:\/\/www.westernlogistics.com\/fr\/wp-json\/wp\/v2\/media?parent=1831"}],"curies":[{"name":"wp","href":"https:\/\/api.w.org\/{rel}","templated":true}]}}