{"id":1837,"date":"2018-12-15T18:00:37","date_gmt":"2018-12-15T18:00:37","guid":{"rendered":"https:\/\/www.westernlogistics.com\/winnipeg-manitoba\/"},"modified":"2018-12-18T18:07:30","modified_gmt":"2018-12-18T18:07:30","slug":"winnipeg-manitoba","status":"publish","type":"page","link":"https:\/\/www.westernlogistics.com\/fr\/winnipeg-manitoba\/","title":{"rendered":"Winnipeg, Manitoba"},"content":{"rendered":"<p>[vc_row type= &raquo;in_container &raquo; bg_parallax= &raquo; &raquo; color_overlay= &raquo; &raquo; vu_equal_height_columns= &raquo; &raquo; row_id= &raquo; &raquo; el_class= &raquo; &raquo;][vc_column vu_vertical_align= &raquo;middle &raquo;]<div class=\"vu_map vu_m-fullwith m-b-35\" data-options=\"{&quot;zoom_level&quot;:&quot;10&quot;,&quot;center_lat&quot;:&quot;49.881137&quot;,&quot;center_lng&quot;:&quot;-97.041801&quot;,&quot;map_type&quot;:&quot;roadmap&quot;,&quot;tilt_45&quot;:&quot;&quot;,&quot;others_options&quot;:{&quot;draggable&quot;:&quot;1&quot;,&quot;zoomControl&quot;:&quot;1&quot;,&quot;disableDoubleClickZoom&quot;:&quot;&quot;,&quot;panControl&quot;:&quot;&quot;,&quot;fullscreenControl&quot;:&quot;&quot;,&quot;mapTypeControl&quot;:&quot;&quot;,&quot;scaleControl&quot;:&quot;&quot;,&quot;streetViewControl&quot;:&quot;&quot;},&quot;use_marker_img&quot;:&quot;1&quot;,&quot;marker_img&quot;:&quot;https:\\\/\\\/www.westernlogistics.com\\\/wp-content\\\/uploads\\\/2016\\\/04\\\/map-marker-animate.svg&quot;,&quot;enable_animation&quot;:&quot;&quot;,&quot;locations&quot;:[{&quot;lat&quot;:&quot;49.881137&quot;,&quot;lng&quot;:&quot;-97.041801&quot;,&quot;info&quot;:&quot;Winnipeg Terminal&lt;br \\\/&gt;\\n55 Paquin Road, Winnipeg, MB&lt;br \\\/&gt;\\nR2J 3V9&lt;\\\/p&gt;\\n&lt;p&gt;T: 204.474.1163&lt;br \\\/&gt;\\nF: 204.474.1167&quot;}],&quot;styles&quot;:&quot;[{\\&quot;featureType\\&quot;:\\&quot;water\\&quot;,\\&quot;elementType\\&quot;:\\&quot;geometry\\&quot;,\\&quot;stylers\\&quot;:[{\\&quot;color\\&quot;:\\&quot;#e9e9e9\\&quot;},{\\&quot;lightness\\&quot;:17}]},{\\&quot;featureType\\&quot;:\\&quot;landscape\\&quot;,\\&quot;elementType\\&quot;:\\&quot;geometry\\&quot;,\\&quot;stylers\\&quot;:[{\\&quot;color\\&quot;:\\&quot;#f5f5f5\\&quot;},{\\&quot;lightness\\&quot;:20}]},{\\&quot;featureType\\&quot;:\\&quot;road.highway\\&quot;,\\&quot;elementType\\&quot;:\\&quot;geometry.fill\\&quot;,\\&quot;stylers\\&quot;:[{\\&quot;color\\&quot;:\\&quot;#ffffff\\&quot;},{\\&quot;lightness\\&quot;:17}]},{\\&quot;featureType\\&quot;:\\&quot;road.highway\\&quot;,\\&quot;elementType\\&quot;:\\&quot;geometry.stroke\\&quot;,\\&quot;stylers\\&quot;:[{\\&quot;color\\&quot;:\\&quot;#ffffff\\&quot;},{\\&quot;lightness\\&quot;:29},{\\&quot;weight\\&quot;:0.2}]},{\\&quot;featureType\\&quot;:\\&quot;road.arterial\\&quot;,\\&quot;elementType\\&quot;:\\&quot;geometry\\&quot;,\\&quot;stylers\\&quot;:[{\\&quot;color\\&quot;:\\&quot;#ffffff\\&quot;},{\\&quot;lightness\\&quot;:18}]},{\\&quot;featureType\\&quot;:\\&quot;road.local\\&quot;,\\&quot;elementType\\&quot;:\\&quot;geometry\\&quot;,\\&quot;stylers\\&quot;:[{\\&quot;color\\&quot;:\\&quot;#ffffff\\&quot;},{\\&quot;lightness\\&quot;:16}]},{\\&quot;featureType\\&quot;:\\&quot;poi\\&quot;,\\&quot;elementType\\&quot;:\\&quot;geometry\\&quot;,\\&quot;stylers\\&quot;:[{\\&quot;color\\&quot;:\\&quot;#f5f5f5\\&quot;},{\\&quot;lightness\\&quot;:21}]},{\\&quot;featureType\\&quot;:\\&quot;poi.park\\&quot;,\\&quot;elementType\\&quot;:\\&quot;geometry\\&quot;,\\&quot;stylers\\&quot;:[{\\&quot;color\\&quot;:\\&quot;#dedede\\&quot;},{\\&quot;lightness\\&quot;:21}]},{\\&quot;elementType\\&quot;:\\&quot;labels.text.stroke\\&quot;,\\&quot;stylers\\&quot;:[{\\&quot;visibility\\&quot;:\\&quot;on\\&quot;},{\\&quot;color\\&quot;:\\&quot;#ffffff\\&quot;},{\\&quot;lightness\\&quot;:16}]},{\\&quot;elementType\\&quot;:\\&quot;labels.text.fill\\&quot;,\\&quot;stylers\\&quot;:[{\\&quot;saturation\\&quot;:36},{\\&quot;color\\&quot;:\\&quot;#333333\\&quot;},{\\&quot;lightness\\&quot;:40}]},{\\&quot;elementType\\&quot;:\\&quot;labels.icon\\&quot;,\\&quot;stylers\\&quot;:[{\\&quot;visibility\\&quot;:\\&quot;off\\&quot;}]},{\\&quot;featureType\\&quot;:\\&quot;transit\\&quot;,\\&quot;elementType\\&quot;:\\&quot;geometry\\&quot;,\\&quot;stylers\\&quot;:[{\\&quot;color\\&quot;:\\&quot;#f2f2f2\\&quot;},{\\&quot;lightness\\&quot;:19}]},{\\&quot;featureType\\&quot;:\\&quot;administrative\\&quot;,\\&quot;elementType\\&quot;:\\&quot;geometry.fill\\&quot;,\\&quot;stylers\\&quot;:[{\\&quot;color\\&quot;:\\&quot;#fefefe\\&quot;},{\\&quot;lightness\\&quot;:20}]},{\\&quot;featureType\\&quot;:\\&quot;administrative\\&quot;,\\&quot;elementType\\&quot;:\\&quot;geometry.stroke\\&quot;,\\&quot;stylers\\&quot;:[{\\&quot;color\\&quot;:\\&quot;#fefefe\\&quot;},{\\&quot;lightness\\&quot;:17},{\\&quot;weight\\&quot;:1.2}]}]&quot;}\" style=\"height:330px;\"><\/div>[\/vc_column][\/vc_row][vc_row type= &raquo;in_container &raquo; bg_parallax= &raquo; &raquo; color_overlay= &raquo; &raquo; vu_equal_height_columns= &raquo; &raquo; row_id= &raquo; &raquo; el_class= &raquo; &raquo;][vc_column vu_vertical_align= &raquo;top &raquo;][vc_column_text]Deuxi\u00e8me \u00e9tablissement de l&rsquo;entreprise, Winnipeg est notre plaque tournante dans l&rsquo;ouest et la premi\u00e8re dans l&rsquo;Ouest canadien. Winnipeg est un march\u00e9 tr\u00e8s important pour WLI et repr\u00e9sente le point d&rsquo;acc\u00e8s \u00e0 l&rsquo;Ouest canadien pour ses op\u00e9rations. De plus, la conception des installations de Winnipeg est prototypique des constructions futures dans tout le syst\u00e8me.[\/vc_column_text][\/vc_column][\/vc_row][vc_row type= &raquo;in_container &raquo; bg_parallax= &raquo; &raquo; color_overlay= &raquo; &raquo; vu_equal_height_columns= &raquo; &raquo; row_id= &raquo; &raquo; el_class= &raquo; &raquo;][vc_column vu_vertical_align= &raquo;middle &raquo;]\t\t<header class=\"vu_heading vu_h-alignment-left m-t-0\">\r\n\t\t\t<h2 class=\"vu_h-heading m-b-0\">COORDONN\u00c9ES<\/h2>\r\n\r\n\t\t\t\t\t<\/header>\r\n\t[\/vc_column][\/vc_row][vc_row type= &raquo;in_container &raquo; bg_parallax= &raquo; &raquo; color_overlay= &raquo; &raquo; vu_equal_height_columns= &raquo; &raquo; row_id= &raquo; &raquo; el_class= &raquo; &raquo;][vc_column vu_vertical_align= &raquo;middle &raquo; width= &raquo;1\/2&Prime;][vc_single_image image= &raquo;1041&Prime; img_size= &raquo;400&#215;300&Prime;][\/vc_column][vc_column vu_vertical_align= &raquo;top &raquo; width= &raquo;1\/2&Prime;][vc_column_text css= &raquo;.vc_custom_1521227662213{padding-top: 30px !important;padding-right: 30px !important;padding-bottom: 30px !important;padding-left: 30px !important;background-color: #ffffff !important;} &raquo; el_class= &raquo;vu_secondary-bg-color m-b-0&Prime;]<\/p>\n<h4>Terminal de Winnipeg, MB<\/h4>\n<ul class=\"vu_contact-info-list\" style=\"color: #000;\">\n<li><i class=\"fa fa-map-marker\"><\/i>\n<div>55 Paquin Road, Winnipeg, MB<br \/>\nCanada\u00a0 R2J 3V9<\/div>\n<\/li>\n<li><i class=\"fa fa-phone\"><\/i>\n<div><strong>T\u00e9l. :<\/strong> 204-474-1163<\/div>\n<\/li>\n<li><i class=\"fa fa-fax\"><\/i>\n<div><strong>T\u00e9l\u00e9c. :<\/strong> 204-474-1167<\/div>\n<\/li>\n<li><i class=\"fa fa-envelope\"><\/i>\n<div>\n<p><a href=\"m&#97;&#x69;&#x6c;t&#111;&#x3a;&#x63;u&#115;&#116;&#x6f;&#x6d;e&#114;&#x73;&#x65;r&#118;&#x69;&#x63;e&#64;&#119;&#x65;&#x73;t&#101;&#x72;&#x6e;l&#111;&#x67;&#x69;s&#116;&#105;&#x63;&#x73;&#46;&#99;&#x6f;&#x6d;\">&#x53;&#x65;&#x72;&#x76;&#105;&#99;&#101;&#67;lie&#x6e;&#x74;&#x65;&#x6c;&#x65;&#64;&#119;&#101;ste&#x72;&#x6e;&#x6c;&#x6f;&#x67;&#105;&#115;&#116;ics&#x2e;&#x63;&#x6f;&#x6d;<\/a><br \/>\n<a href=\"&#x6d;&#x61;&#x69;&#x6c;&#116;&#111;&#58;ra&#x74;&#x65;&#x73;&#x40;&#x77;&#101;&#115;&#116;er&#x6e;&#x6c;&#x6f;&#x67;&#x69;&#115;&#116;&#105;cs&#x2e;&#x63;&#x6f;&#x6d;\">&#x54;&#97;&#x75;&#120;&#64;&#x77;&#101;s&#x74;&#101;&#x72;&#x6e;l&#x6f;&#103;i&#x73;&#116;&#x69;&#x63;s&#x2e;&#99;o&#x6d;<\/a><\/p>\n<\/div>\n<\/li>\n<\/ul>\n<p>[\/vc_column_text][\/vc_column][\/vc_row][vc_row type= &raquo;in_container &raquo; bg_parallax= &raquo; &raquo; color_overlay= &raquo; &raquo; vu_equal_height_columns= &raquo; &raquo; row_id= &raquo; &raquo; el_class= &raquo; &raquo;][vc_column vu_vertical_align= &raquo;top &raquo;]\t\t<header class=\"vu_heading vu_h-alignment-left\">\r\n\t\t\t<h2 class=\"vu_h-heading m-b-0\">ENVOYEZ UN COURRIEL AUX MEMBRES DE NOTRE \u00c9QUIPE DE WINNIPEG<\/h2>\r\n\r\n\t\t\t\t\t<\/header>\r\n\t\t\t<div class=\"vu_carousel-container\">\r\n\t\t\t<div class=\"vu_carousel clearfix\" data-options=\"{&quot;singleItem&quot;:false,&quot;itemsScaleUp&quot;:false,&quot;addClassActive&quot;:true,&quot;navigationText&quot;:[&quot;&lt;i class=\\&quot;fa fa-angle-left\\&quot;&gt;&lt;\\\/i&gt;&quot;,&quot;&lt;i class=\\&quot;fa fa-angle-right\\&quot;&gt;&lt;\\\/i&gt;&quot;],&quot;autoHeight&quot;:true,&quot;items&quot;:3,&quot;itemsDesktop&quot;:[1199,3],&quot;itemsDesktopSmall&quot;:[980,1],&quot;itemsTablet&quot;:[768,2],&quot;itemsMobile&quot;:[479,1],&quot;slideSpeed&quot;:200,&quot;paginationSpeed&quot;:800,&quot;rewindSpeed&quot;:1000,&quot;autoPlay&quot;:5000,&quot;stopOnHover&quot;:true,&quot;navigation&quot;:true,&quot;rewindNav&quot;:true,&quot;scrollPerPage&quot;:false,&quot;pagination&quot;:true,&quot;paginationNumbers&quot;:true}\">\r\n\t\t\t\t\t\t<div class=\"vu_carousel-item\">\n\t\t\t\t\t<div class=\"vu_team-member\" itemscope=\"itemscope\" itemtype=\"https:\/\/schema.org\/Person\">\r\n\t\t\t\t\t\t\t<div class=\"vu_tm-image\">\r\n\t\t\t\t\t<img width=\"500\" height=\"500\" src=\"https:\/\/www.westernlogistics.com\/wp-content\/uploads\/2018\/03\/darren-laramee.jpg\" class=\"attachment-transpress_ratio-1:1 size-transpress_ratio-1:1\" alt=\"\" decoding=\"async\" itemprop=\"image\" loading=\"lazy\" srcset=\"https:\/\/www.westernlogistics.com\/wp-content\/uploads\/2018\/03\/darren-laramee.jpg 500w, https:\/\/www.westernlogistics.com\/wp-content\/uploads\/2018\/03\/darren-laramee-150x150.jpg 150w, https:\/\/www.westernlogistics.com\/wp-content\/uploads\/2018\/03\/darren-laramee-300x300.jpg 300w\" sizes=\"(max-width: 500px) 100vw, 500px\" \/>\t\t\t\t<\/div>\r\n\t\t\t\r\n\t\t\t<div class=\"vu_tm-info\">\r\n\t\t\t\t<h4 class=\"vu_tm-name\"><a href=\"mail&#116;&#111;&#58;&#100;&#97;&#114;&#114;&#x65;&#x6e;&#x40;&#x77;&#x65;&#x73;&#x74;&#x65;&#x72;nlog&#105;&#115;&#116;&#105;&#99;&#115;&#46;&#x63;&#x6f;&#x6d;\" title=\"\" target=\"_self\">Darren Laramee<\/a><\/h4>\t\t\t\t\r\n\t\t\t\t\t\t\t\t\t<span class=\"vu_tm-position\" itemprop=\"jobTitle\">Gestionnaire du terminal<\/span>\r\n\t\t\t\t\t\t\t<\/div>\r\n\t\t\t\r\n\t\t\t\r\n\t\t\t\t\t<\/div>\r\n\t\t\t<\/div>\n\t\t\t\t<\/div>\r\n\t\t<\/div>\r\n\t[\/vc_column][\/vc_row][vc_row type= &raquo;in_container &raquo; bg_parallax= &raquo; &raquo; color_overlay= &raquo; &raquo; vu_equal_height_columns= &raquo; &raquo; row_id= &raquo; &raquo; el_class= &raquo; &raquo;][vc_column vu_vertical_align= &raquo;top &raquo;][\/vc_column][\/vc_row]<\/p>\n","protected":false},"excerpt":{"rendered":"<p>[vc_row type= &raquo;in_container &raquo; bg_parallax= &raquo; &raquo; color_overlay= &raquo; &raquo; vu_equal_height_columns= &raquo; &raquo; row_id= &raquo; &raquo; el_class= &raquo; &raquo;][vc_column vu_vertical_align= &raquo;middle &raquo;][\/vc_column][\/vc_row][vc_row type= &raquo;in_container &raquo; bg_parallax= &raquo; &raquo; color_overlay= &raquo; &raquo; vu_equal_height_columns= &raquo; &raquo; row_id= &raquo; &raquo; el_class= &raquo; &raquo;][vc_column vu_vertical_align= &raquo;top &raquo;][vc_column_text]Deuxi\u00e8me \u00e9tablissement de l&rsquo;entreprise, Winnipeg est notre plaque tournante dans l&rsquo;ouest et la [&hellip;]<\/p>\n","protected":false},"author":3,"featured_media":0,"parent":0,"menu_order":0,"comment_status":"closed","ping_status":"closed","template":"","meta":{"content-type":"","footnotes":""},"_links":{"self":[{"href":"https:\/\/www.westernlogistics.com\/fr\/wp-json\/wp\/v2\/pages\/1837"}],"collection":[{"href":"https:\/\/www.westernlogistics.com\/fr\/wp-json\/wp\/v2\/pages"}],"about":[{"href":"https:\/\/www.westernlogistics.com\/fr\/wp-json\/wp\/v2\/types\/page"}],"author":[{"embeddable":true,"href":"https:\/\/www.westernlogistics.com\/fr\/wp-json\/wp\/v2\/users\/3"}],"replies":[{"embeddable":true,"href":"https:\/\/www.westernlogistics.com\/fr\/wp-json\/wp\/v2\/comments?post=1837"}],"version-history":[{"count":3,"href":"https:\/\/www.westernlogistics.com\/fr\/wp-json\/wp\/v2\/pages\/1837\/revisions"}],"predecessor-version":[{"id":1873,"href":"https:\/\/www.westernlogistics.com\/fr\/wp-json\/wp\/v2\/pages\/1837\/revisions\/1873"}],"wp:attachment":[{"href":"https:\/\/www.westernlogistics.com\/fr\/wp-json\/wp\/v2\/media?parent=1837"}],"curies":[{"name":"wp","href":"https:\/\/api.w.org\/{rel}","templated":true}]}}