{"id":2191,"date":"2021-03-26T17:41:17","date_gmt":"2021-03-26T17:41:17","guid":{"rendered":"https:\/\/www.westernlogistics.com\/services\/western-white-glove\/"},"modified":"2021-03-29T20:11:08","modified_gmt":"2021-03-29T20:11:08","slug":"western-white-glove","status":"publish","type":"page","link":"https:\/\/www.westernlogistics.com\/fr\/services\/western-white-glove\/","title":{"rendered":"Service Gants Blancs de Western"},"content":{"rendered":"<p>[vc_row type= &raquo;in_container &raquo; bg_parallax= &raquo; &raquo; color_overlay= &raquo; &raquo; vu_equal_height_columns= &raquo; &raquo; row_id= &raquo; &raquo; el_class= &raquo; &raquo;][vc_column vu_vertical_align= &raquo;middle &raquo;]\t\t<header class=\"vu_heading vu_h-alignment-left\">\r\n\t\t\t<h2 class=\"vu_h-heading m-b-0\">Western White Glove<\/h2>\r\n\r\n\t\t\t\t\t<\/header>\r\n\t[vc_single_image image= &raquo;2188&Prime; img_size= &raquo;medium &raquo;][vc_column_text]<\/p>\n<h3>Le service Gants blancs de Western vient tout juste de s\u2019ajouter \u00e0 ce qui est d\u00e9j\u00e0 le plus grand r\u00e9seau sp\u00e9cialis\u00e9 en transport de meubles au Canada. Notre mod\u00e8le fond\u00e9 sur les actifs est unique en ce sens qu\u2019il assure la livraison du premier au dernier kilom\u00e8tre, offrant un contr\u00f4le sans pr\u00e9c\u00e9dent de la manutention s\u00e9curitaire de vos produits.<\/h3>\n<h3>Port\u00e9e<\/h3>\n<p>Nos \u00e9quipes de livraison sont d\u00e9j\u00e0 \u00e0 l\u2019\u0153uvre dans tous les grands centres urbains du Canada, notamment \u00e0 <strong>Vancouver, Kelowna, Calgary, Edmonton, Regina, Winnipeg, Toronto, Ottawa, Montr\u00e9al et Halifax<\/strong>. Notre service ne peut \u00eatre offert dans certains sites \u00e9loign\u00e9s.<\/p>\n<h3>Service<\/h3>\n<p>Nous proposons trois niveaux de service\u00a0:<\/p>\n<ol>\n<li><strong>Livraison porte-\u00e0-porte |<\/strong> La livraison est effectu\u00e9e au domicile, c\u2019est-\u00e0-dire devant la porte, sur le porche, devant le garage ou encore sur le quai. En ce qui concerne les condos ou les appartements, la livraison est effectu\u00e9e dans le hall d\u2019entr\u00e9e ou au quai de chargement.<\/li>\n<li><strong>Livraison \u00e0 l\u2019int\u00e9rieur |<\/strong> Le client peut demander \u00e0 l\u2019\u00e9quipe de livraison de placer la marchandise emball\u00e9e dans la pi\u00e8ce de son choix.<\/li>\n<li><strong>Le service Gants blancs<\/strong> | Le client peut demander \u00e0 l\u2019\u00e9quipe de livraison de placer la marchandise dans la pi\u00e8ce de son choix, de la d\u00e9baller, de l\u2019essuyer et de retirer tout l\u2019emballage. La marchandise peut \u00eatre assembl\u00e9e sur demande.<\/li>\n<\/ol>\n<p>Le niveau de service doit \u00eatre clairement indiqu\u00e9 sur le connaissement, ainsi que tout probl\u00e8me d\u2019\u00e9valuation notable qui pourrait survenir. Si le niveau de service n\u2019est pas indiqu\u00e9, la livraison porte-\u00e0-porte sera privil\u00e9gi\u00e9e. Le niveau de service ne peut \u00eatre modifi\u00e9 que par l\u2019exp\u00e9diteur. Le client ne sera pas en mesure d\u2019effectuer de changement une fois que la commande est en transit<\/p>\n<h3>Communication et Suivi<\/h3>\n<p>Nous communiquons \u00e9troitement avec le client \u00e0 tous les niveaux de service, de l\u2019arriv\u00e9e de la commande jusqu\u2019au moment o\u00f9 notre chauffeur se rapproche du lieu de livraison. Cela commence par un appel de notre sympathique \u00e9quipe charg\u00e9e de la r\u00e9servation, puis les coordonn\u00e9es du client sont fournies au chauffeur afin qu\u2019il communique les mises \u00e0 jour au cours de la livraison.<\/p>\n<p>Nous offrons une solution de suivi d\u2019entreprise qui permet \u00e0 votre \u00e9quipe de voir le statut de toutes les livraisons en un coup d\u2019\u0153il, qu\u2019elles soient en cours, \u00e0 venir ou termin\u00e9es. Ce syst\u00e8me fournit \u00e9galement des rapports automatis\u00e9s et l\u2019exportation de donn\u00e9es pour que vous puissiez garder le contr\u00f4le de vos op\u00e9rations.<\/p>\n<h3>Questions?<\/h3>\n<p>Contactez <a href=\"mai&#108;&#116;&#111;&#x3a;&#x73;&#x6f;&#x6c;&#x75;&#x74;ion&#115;&#64;&#119;&#101;&#x73;&#x74;&#x65;&#x72;&#x6e;&#x6c;ogi&#115;&#116;&#105;&#x63;&#x73;&#x2e;&#x63;&#x6f;&#x6d;\">&#x73;o&#x6c;&#117;&#x74;&#105;o&#x6e;s&#x40;&#119;&#x65;&#115;t&#x65;&#114;&#x6e;&#108;o&#x67;i&#x73;&#116;&#x69;&#99;s&#x2e;c&#x6f;&#109;<\/a>.[\/vc_column_text][\/vc_column][\/vc_row][vc_row type= &raquo;in_container &raquo; bg_parallax= &raquo; &raquo; color_overlay= &raquo; &raquo; vu_equal_height_columns= &raquo; &raquo; row_id= &raquo; &raquo; el_class= &raquo; &raquo;][vc_column vu_vertical_align= &raquo;top &raquo;][\/vc_column][\/vc_row]<\/p>\n","protected":false},"excerpt":{"rendered":"<p>[vc_row type= &raquo;in_container &raquo; bg_parallax= &raquo; &raquo; color_overlay= &raquo; &raquo; vu_equal_height_columns= &raquo; &raquo; row_id= &raquo; &raquo; el_class= &raquo; &raquo;][vc_column vu_vertical_align= &raquo;middle &raquo;][vc_single_image image= &raquo;2188&Prime; img_size= &raquo;medium &raquo;][vc_column_text] Le service Gants blancs de Western vient tout juste de s\u2019ajouter \u00e0 ce qui est d\u00e9j\u00e0 le plus grand r\u00e9seau sp\u00e9cialis\u00e9 en transport de meubles au Canada. Notre [&hellip;]<\/p>\n","protected":false},"author":3,"featured_media":0,"parent":1764,"menu_order":0,"comment_status":"closed","ping_status":"closed","template":"","meta":{"content-type":"","footnotes":""},"_links":{"self":[{"href":"https:\/\/www.westernlogistics.com\/fr\/wp-json\/wp\/v2\/pages\/2191"}],"collection":[{"href":"https:\/\/www.westernlogistics.com\/fr\/wp-json\/wp\/v2\/pages"}],"about":[{"href":"https:\/\/www.westernlogistics.com\/fr\/wp-json\/wp\/v2\/types\/page"}],"author":[{"embeddable":true,"href":"https:\/\/www.westernlogistics.com\/fr\/wp-json\/wp\/v2\/users\/3"}],"replies":[{"embeddable":true,"href":"https:\/\/www.westernlogistics.com\/fr\/wp-json\/wp\/v2\/comments?post=2191"}],"version-history":[{"count":18,"href":"https:\/\/www.westernlogistics.com\/fr\/wp-json\/wp\/v2\/pages\/2191\/revisions"}],"predecessor-version":[{"id":2218,"href":"https:\/\/www.westernlogistics.com\/fr\/wp-json\/wp\/v2\/pages\/2191\/revisions\/2218"}],"up":[{"embeddable":true,"href":"https:\/\/www.westernlogistics.com\/fr\/wp-json\/wp\/v2\/pages\/1764"}],"wp:attachment":[{"href":"https:\/\/www.westernlogistics.com\/fr\/wp-json\/wp\/v2\/media?parent=2191"}],"curies":[{"name":"wp","href":"https:\/\/api.w.org\/{rel}","templated":true}]}}